{"id":1593,"date":"2023-12-19T12:22:12","date_gmt":"2023-12-19T12:22:12","guid":{"rendered":"https:\/\/valencialcor.com\/politiques-en-matiere-de-cookies\/"},"modified":"2024-01-04T09:48:59","modified_gmt":"2024-01-04T09:48:59","slug":"politiques-en-matiere-de-cookies","status":"publish","type":"page","link":"https:\/\/valencialcor.com\/fr\/politiques-en-matiere-de-cookies\/","title":{"rendered":"Politiques en mati\u00e8re de cookies"},"content":{"rendered":"\t\t<div data-elementor-type=\"wp-page\" data-elementor-id=\"1593\" class=\"elementor elementor-1593 elementor-259\" data-elementor-post-type=\"page\">\n\t\t\t\t<div class=\"elementor-element elementor-element-5b926b86 e-flex e-con-boxed e-con e-parent\" data-id=\"5b926b86\" data-element_type=\"container\" data-e-type=\"container\">\n\t\t\t\t\t<div class=\"e-con-inner\">\n\t\t\t\t<div class=\"elementor-element elementor-element-a88caf0 elementor-widget elementor-widget-heading\" data-id=\"a88caf0\" data-element_type=\"widget\" data-e-type=\"widget\" data-widget_type=\"heading.default\">\n\t\t\t\t<div class=\"elementor-widget-container\">\n\t\t\t\t\t<h2 class=\"elementor-heading-title elementor-size-default\">Politiques en mati\u00e8re de cookies<\/h2>\t\t\t\t<\/div>\n\t\t\t\t<\/div>\n\t\t\t\t<div class=\"elementor-element elementor-element-65788aaa elementor-widget elementor-widget-text-editor\" data-id=\"65788aaa\" data-element_type=\"widget\" data-e-type=\"widget\" data-widget_type=\"text-editor.default\">\n\t\t\t\t<div class=\"elementor-widget-container\">\n\t\t\t\t\t\t\t\t\t\n<p><strong>a) Que sont les cookies ?<\/strong><\/p>\n\n\n\n<p>Un cookie est un fichier t\u00e9l\u00e9charg\u00e9 sur votre ordinateur lorsque vous acc\u00e9dez \u00e0 certaines pages Web. Les cookies permettent, entre autres, \u00e0 un site Web de stocker et de r\u00e9cup\u00e9rer des informations sur les habitudes de navigation d&rsquo;un utilisateur ou de son \u00e9quipement et, en fonction des informations qu&rsquo;ils contiennent et de la mani\u00e8re dont vous utilisez votre \u00e9quipement, ils peuvent \u00eatre utilis\u00e9s pour reconna\u00eetre l&rsquo;utilisateur.<\/p>\n\n\n\n<p><strong>b) Utilisation des cookies :<\/strong><\/p>\n\n\n\n<p>Valencia al cor utilise des cookies et d&rsquo;autres m\u00e9canismes similaires pour am\u00e9liorer votre exp\u00e9rience utilisateur. L&rsquo;objectif principal de ces petits fichiers est de faciliter un acc\u00e8s plus rapide aux services s\u00e9lectionn\u00e9s. De plus, les cookies permettent de personnaliser les services, en facilitant et en offrant \u00e0 chaque utilisateur des informations personnalis\u00e9es en fonction de ses pr\u00e9f\u00e9rences et int\u00e9r\u00eats, en fonction de l&rsquo;utilisation qu&rsquo;il fait des services.<\/p>\n\n\n\n<p>Nous personnalisons et facilitons la navigation sur nos pages gr\u00e2ce \u00e0 l&rsquo;utilisation de cookies. Ces cookies sont associ\u00e9s aux utilisateurs anonymes et \u00e0 leur ordinateur et ne fournissent aucun type de donn\u00e9es personnelles le concernant. Vous pouvez configurer votre navigateur pour notifier et refuser l&rsquo;utilisation de cookies si vous pr\u00e9f\u00e9rez sans affecter la capacit\u00e9 d&rsquo;acc\u00e8s \u00e0 la page, m\u00eame si la qualit\u00e9 du fonctionnement peut \u00eatre affect\u00e9e.<\/p>\n\n\n\n<p>Gr\u00e2ce aux cookies, les Utilisateurs enregistr\u00e9s, qui s&rsquo;inscrivent ou se sont connect\u00e9s, b\u00e9n\u00e9ficient de services plus personnalis\u00e9s orient\u00e9s vers leur profil, prenant en compte les donn\u00e9es stock\u00e9es au moment de l&rsquo;inscription. Ces Utilisateurs autorisent express\u00e9ment l&rsquo;utilisation de ces informations aux fins indiqu\u00e9es, sans pr\u00e9judice de leur droit de refuser ou de d\u00e9sactiver l&rsquo;utilisation de cookies.<\/p>\n\n\n\n<p><strong>c) Nature, finalit\u00e9 et fonctionnement des Cookies :<\/strong><\/p>\n\n\n\n<p>Les cookies peuvent \u00eatre divis\u00e9s en cookies de session ou permanents en fonction de la dur\u00e9e pendant laquelle ils restent sur votre ordinateur. Les cookies de session cessent de fonctionner lorsque vous fermez le navigateur. Ces derniers expirent en fonction du moment o\u00f9 la finalit\u00e9 pour laquelle ils servent est remplie ou du moment o\u00f9 ils sont supprim\u00e9s manuellement.<\/p>\n\n\n\n<p>De plus, en fonction de leur finalit\u00e9, les Cookies peuvent \u00eatre class\u00e9s comme suit :<\/p>\n\n\n\n<p>COOKIES DE NAVIGATION : Ces cookies nous aident \u00e0 vous permettre de naviguer confortablement sur le site Web et sont charg\u00e9s de vous permettre de vous abonner \u00e0 l&rsquo;un de nos plans de paiement.<\/p>\n\n\n\n<p>COOKIES DE PERFORMANCE : ce type de Cookie m\u00e9morise vos pr\u00e9f\u00e9rences pour les outils trouv\u00e9s sur les Services, afin que vous n&rsquo;ayez pas \u00e0 reconfigurer le service \u00e0 chaque visite. A titre d&rsquo;exemple, cette typologie comprend :<\/p>\n\n\n\n<p>R\u00e9glages du volume pour les lecteurs vid\u00e9o ou audio.<\/p>\n\n\n\n<p>Les vitesses de transmission vid\u00e9o prises en charge par votre navigateur.<\/p>\n\n\n\n<p>Les objets enregistr\u00e9s dans le panier dans les Services E-commerce dans le cas des magasins<\/p>\n\n\n\n<p>COOKIES DE G\u00c9O-LOCALISATION : Ces Cookies permettent de savoir dans quel pays vous vous trouvez lorsque vous demandez un Service. Ce cookie est totalement anonyme et n&rsquo;est utilis\u00e9 que pour aider \u00e0 diriger le contenu vers votre emplacement et \u00e0 choisir la langue dans laquelle vous visualiserez le contenu.<\/p>\n\n\n\n<p>COOKIES D&rsquo;ENREGISTREMENT : Les Cookies d&rsquo;enregistrement sont g\u00e9n\u00e9r\u00e9s une fois que l&rsquo;Utilisateur s&rsquo;est inscrit ou a ouvert ult\u00e9rieurement sa session et sont utilis\u00e9s pour permettre son identification dans les Services aux fins suivantes :<\/p>\n\n\n\n<p>Maintenir l&rsquo;identification de l&rsquo;Utilisateur afin que, s&rsquo;il ferme un Service, le navigateur ou l&rsquo;ordinateur et qu&rsquo;\u00e0 un autre moment ou un autre jour il r\u00e9int\u00e8gre ledit Service, il continue \u00e0 \u00eatre identifi\u00e9, facilitant sa navigation sans avoir \u00e0 s&rsquo;identifier \u00e0 nouveau. Cette fonctionnalit\u00e9 peut \u00eatre supprim\u00e9e si l&rsquo;Utilisateur clique sur la fonctionnalit\u00e9 de d\u00e9connexion, de sorte que ce Cookie soit supprim\u00e9 et la prochaine fois que l&rsquo;Utilisateur entrera dans le Service, il devra se connecter pour \u00eatre identifi\u00e9.<\/p>\n\n\n\n<p>V\u00e9rifiez si l&rsquo;Utilisateur est autoris\u00e9 \u00e0 acc\u00e9der \u00e0 certains Services, par exemple pour participer \u00e0 un concours.<\/p>\n\n\n\n<p>Par ailleurs, certains Services peuvent utiliser des connecteurs avec des r\u00e9seaux sociaux tels que Facebook ou Twitter. Lorsque l&rsquo;Utilisateur s&rsquo;inscrit \u00e0 un Service avec les identifiants d&rsquo;un r\u00e9seau social, il autorise le r\u00e9seau social \u00e0 enregistrer un Cookie persistant qui m\u00e9morise son identit\u00e9 et garantit l&rsquo;acc\u00e8s aux Services jusqu&rsquo;\u00e0 ce qu&rsquo;il le quitte. L&rsquo;Utilisateur peut supprimer ce Cookie et r\u00e9voquer l&rsquo;acc\u00e8s aux Services via les r\u00e9seaux sociaux en mettant \u00e0 jour ses pr\u00e9f\u00e9rences sur le r\u00e9seau social sp\u00e9cifique.<\/p>\n\n\n\n<p>COOKIES ANALYTIQUES : Dans le but de toujours vous garantir un bon service, ces cookies nous fournissent des donn\u00e9es anonymes sur votre navigation et collectent des donn\u00e9es statistiques sur l&rsquo;activit\u00e9 des utilisateurs. Nous utilisons des cookies Google Analytics et la soci\u00e9t\u00e9 qui les fournit est Google INC.<\/p>\n\n\n\n<p>Chaque fois qu&rsquo;un Utilisateur visite un service, un outil d&rsquo;un fournisseur tiers (Omniture Inc, NetScope Inc et comScore Inc) g\u00e9n\u00e8re un Cookie analytique sur l&rsquo;ordinateur de l&rsquo;Utilisateur. Ce Cookie, g\u00e9n\u00e9r\u00e9 uniquement lors de la visite, sera utilis\u00e9 lors des prochaines visites des services pour identifier le visiteur de mani\u00e8re anonyme. Les principaux objectifs poursuivis sont :<\/p>\n\n\n\n<p>Permettre l&rsquo;identification anonyme des Utilisateurs naviguant gr\u00e2ce aux Cookies (identifie les navigateurs et les appareils, pas les personnes) et donc la comptabilisation approximative du nombre de visiteurs et de leur \u00e9volution dans le temps.<\/p>\n\n\n\n<p>Identifier de mani\u00e8re anonyme les contenus les plus visit\u00e9s et donc les plus attractifs pour les Utilisateurs<\/p>\n\n\n\n<p>Sachez si l&rsquo;utilisateur qui acc\u00e8de est nouveau ou s&rsquo;il visite r\u00e9guli\u00e8rement.<\/p>\n\n\n\n<p>Important : Sauf si l&rsquo;Utilisateur d\u00e9cide de s&rsquo;inscrire \u00e0 un Service, les Cookies ne seront jamais associ\u00e9s \u00e0 des donn\u00e9es personnelles permettant de l&rsquo;identifier. Ces Cookies ne seront utilis\u00e9s qu&rsquo;\u00e0 des fins statistiques permettant d&rsquo;optimiser l&rsquo;exp\u00e9rience Utilisateur sur le site.<\/p>\n\n\n\n<p>COOKIES DE CHAT ZOPIM : Nous souhaitons offrir un bon service client et faciliter la communication pour r\u00e9soudre vos questions instantan\u00e9ment via notre chat (Fournisseur : Zopim Technologies LTD.). Le chat collecte l&rsquo;activit\u00e9 des utilisateurs avec des informations sur les pages visit\u00e9es, l&#8217;emplacement, le navigateur, la plateforme, le p\u00e9riph\u00e9rique de connexion et l&rsquo;adresse IP.<\/p>\n\n\n\n<p>COOKIES TIERS :<\/p>\n\n\n\n<p><strong>De terceros:&nbsp;<\/strong>Ce sont ceux qui sont envoy\u00e9s \u00e0 l&rsquo;\u00e9quipement terminal de l&rsquo;utilisateur depuis un ordinateur ou un domaine qui n&rsquo;est pas g\u00e9r\u00e9 par l&rsquo;\u00e9diteur, mais par une autre entit\u00e9 qui traite les donn\u00e9es obtenues via les cookies.<\/p>\n\n\n\n<ul>\n<li>Cookies des r\u00e9seaux sociaux :&nbsp;Le site Web utilise des cookies de Facebook, Twitter, Linkedin et Google Plus pour que l&rsquo;utilisateur puisse partager le contenu du site Web sur les r\u00e9seaux sociaux susmentionn\u00e9s, ou pour faciliter l&rsquo;inscription sur le site Web, afin qu&rsquo;avec les donn\u00e9es d&rsquo;utilisateur qu&rsquo;il a fournies, les r\u00e9seaux sociaux puissent directement remplissez les champs du formulaire d&rsquo;inscription sur le Web.<\/li>\n\n\n\n<li>Cookies de suivi : le site utilise des cookies de suivi&nbsp;Facebook (Propri\u00e9t\u00e9 de Facebook, Inc.) pour mesurer les conversions r\u00e9alis\u00e9es via ce r\u00e9seau social. Ces cookies sont utilis\u00e9s pour suivre les clients utilisateurs de ces r\u00e9seaux sociaux \u00e0 des fins d&rsquo;analyse des donn\u00e9es d&rsquo;\u00e9tudes de march\u00e9.&nbsp;Ils sont \u00e9galement utilis\u00e9s pour vous montrer des produits ou des services pour lesquels vous avez manifest\u00e9 votre int\u00e9r\u00eat.&nbsp;<a href=\"https:\/\/www.facebook.com\/policies\/cookies\/\">https:\/\/www.facebook.com\/policies\/cookies<\/a>\/<\/li>\n\n\n\n<li>Cookies de mesure du trafic sur les Portails:&nbsp;Le site Web utilise les cookies de Google Analitycs (Google appartient \u00e0 Alphabet Inc.) pour collecter des donn\u00e9es statistiques sur l&rsquo;activit\u00e9 des utilisateurs sur le site Web et ainsi pouvoir am\u00e9liorer les services fournis aux utilisateurs. Ces cookies permettent d&rsquo;analyser le trafic des utilisateurs en g\u00e9n\u00e9rant un identifiant d&rsquo;utilisateur anonyme qui est utilis\u00e9 pour mesurer le nombre de fois qu&rsquo;un utilisateur visite le Site. De m\u00eame, il enregistre la premi\u00e8re et la derni\u00e8re fois que vous avez visit\u00e9 le site Web, la fin d&rsquo;une session et l&rsquo;origine de l&rsquo;utilisateur.&nbsp;<a href=\"https:\/\/support.google.com\/analytics\/answer\/6004245?hl=es\">https:\/\/support.google.com\/analytics\/answer\/6004245?hl=es<\/a><\/li>\n\n\n\n<li>Cookies publicitaires:&nbsp;Le site Web utilise des cookies stock\u00e9s par des soci\u00e9t\u00e9s tierces qui g\u00e8rent les espaces destin\u00e9s \u00e0 la publicit\u00e9. Ces cookies nous permettent de mesurer l&rsquo;efficacit\u00e9 de nos campagnes en ligne, de fournir des informations sur vos int\u00e9r\u00eats et de vous proposer du contenu publicitaire de votre pr\u00e9f\u00e9rence.&nbsp;<a href=\"https:\/\/support.google.com\/adsense\/answer\/2839090?hl=es\">https:\/\/support.google.com\/adsense\/answer\/2839090?hl=es<\/a><\/li>\n\n\n\n<li>Cookies techniques : nous utilisons Zendesk, un service de chat (tiers) appartenant \u00e0 Zendesk Inc. ce qui nous permet de parler avec nos clients en temps r\u00e9el. Cela installe deux cookies sur votre ordinateur, ceux-ci nous aident \u00e0 vous fournir un meilleur service car ils nous permettent de r\u00e9cup\u00e9rer les conversations pr\u00e9c\u00e9dentes, ainsi que de m\u00e9moriser vos pr\u00e9f\u00e9rences (comme ne plus vous montrer le chat si vous l&rsquo;avez r\u00e9duit). Pour plus d&rsquo;informations, visitez&nbsp;<a href=\"https:\/\/www.zendesk.es\/company\/contact-info\/\">https:\/\/www.zendesk.es\/company\/contact-info\/<\/a><\/li>\n\n\n\n<li>&nbsp;<\/li>\n<\/ul>\n\n\n\n<p><strong>d) Comment d\u00e9sactiver les cookies et les Web Bugs dans les principaux navigateurs :<\/strong><\/p>\n\n\n\n<p>Vous pouvez autoriser, bloquer ou supprimer les cookies install\u00e9s sur votre ordinateur en configurant les options du navigateur install\u00e9 sur votre ordinateur.<\/p>\n\n\n\n<p>La plupart des navigateurs Internet offrent la possibilit\u00e9 d&rsquo;autoriser, de bloquer ou de supprimer les cookies install\u00e9s sur votre ordinateur.<\/p>\n\n\n\n<p>Ci-dessous, vous pouvez acc\u00e9der aux param\u00e8tres des navigateurs Web les plus courants pour accepter, installer ou d\u00e9sactiver les cookies :<\/p>\n\n\n\n<p><a href=\"https:\/\/support.google.com\/chrome\/answer\/95647?hl=es\">Configurer les cookies dans Google Chrome<\/a><\/p>\n\n\n\n<p><a href=\"https:\/\/support.microsoft.com\/es-es\/help\/17442\/windows-internet-explorer-delete-manage-cookies\">Configurer les cookies dans Microsoft Internet Explorer<\/a><\/p>\n\n\n\n<p><a href=\"https:\/\/support.mozilla.org\/es\/kb\/habilitar-y-deshabilitar-cookies-sitios-web-rastrear-preferencias?redirectlocale=es&amp;redirectslug=habilitar-y-deshabilitar-cookies-que-los-sitios-we\">Configurer les cookies dans Mozilla Firefox<\/a><\/p>\n\n\n\n<p><a href=\"https:\/\/support.apple.com\/es-es\/HT201265\">D\u00e9finir des cookies dans Safari (Apple)<\/a><\/p>\n\n\n\n<p><strong>e) Que se passe-t-il si les cookies sont d\u00e9sactiv\u00e9s :<\/strong><\/p>\n\n\n\n<p>Pour que vous compreniez la port\u00e9e de la d\u00e9sactivation du&nbsp;cookies&nbsp;Nous vous montrons quelques exemples :<\/p>\n\n\n\n<ul>\n<li>Vous ne pourrez pas partager le contenu de ce site Web sur Facebook, Twitter ou tout autre r\u00e9seau social.<\/li>\n\n\n\n<li>Le site Internet ne pourra pas adapter le contenu \u00e0 vos pr\u00e9f\u00e9rences personnelles, comme c&rsquo;est souvent le cas dans les boutiques en ligne.<\/li>\n\n\n\n<li>Vous ne pourrez pas acc\u00e9der \u00e0 l&rsquo;espace personnel de ce site Web, tel que&nbsp;Mon compte, ou&nbsp;Mon profil ou&nbsp;Mes commandes.<\/li>\n\n\n\n<li>Boutiques en ligne : Il vous sera impossible de faire des achats en ligne, ils devront \u00eatre effectu\u00e9s par t\u00e9l\u00e9phone ou en vous rendant dans le magasin physique s&rsquo;il en poss\u00e8de un.<\/li>\n\n\n\n<li>Il ne sera pas possible de personnaliser vos pr\u00e9f\u00e9rences g\u00e9ographiques telles que le fuseau horaire, la devise ou la langue.<\/li>\n\n\n\n<li>Le site Web ne sera pas en mesure d\u2019effectuer des analyses Web sur les visiteurs et le trafic sur le site Web, ce qui rendra difficile la comp\u00e9titivit\u00e9 du site Web.<\/li>\n\n\n\n<li>Vous ne pourrez pas \u00e9crire sur le blog, vous ne pourrez pas t\u00e9l\u00e9charger de photos, publier des commentaires, noter ou noter du contenu. Le site Web ne pourra pas non plus savoir si vous \u00eates un humain ou une application automatis\u00e9e qui publie&nbsp;spam.<\/li>\n\n\n\n<li>La publicit\u00e9 sectoris\u00e9e ne peut pas \u00eatre affich\u00e9e, ce qui r\u00e9duira les revenus publicitaires du site.<\/li>\n\n\n\n<li>Tous les r\u00e9seaux sociaux utilisent&nbsp;cookies, si vous les d\u00e9sactivez, vous ne pourrez utiliser aucun r\u00e9seau social.<\/li>\n\n\n\n<li>&nbsp;<\/li>\n<\/ul>\n\n\n\n<p><strong>MISES \u00c0 JOUR ET MODIFICATIONS DE LA POLITIQUE DE CONFIDENTIALIT\u00c9 \/ COOKIES :<\/strong><\/p>\n\n\n\n<p>Valencia al cor peut modifier cette politique de cookies en fonction d&rsquo;exigences l\u00e9gislatives ou r\u00e9glementaires, ou dans le but d&rsquo;adapter ladite politique aux instructions \u00e9mises par l&rsquo;Agence espagnole de protection des donn\u00e9es, c&rsquo;est pourquoi il est conseill\u00e9 aux utilisateurs de la visiter p\u00e9riodiquement.<\/p>\n\n\n\n<p>Lorsque des changements importants surviennent dans cette politique de cookies, ils seront communiqu\u00e9s aux utilisateurs soit via le site Web, soit par courrier \u00e9lectronique aux utilisateurs enregistr\u00e9s.<\/p>\n\t\t\t\t\t\t\t\t<\/div>\n\t\t\t\t<\/div>\n\t\t\t\t\t<\/div>\n\t\t\t\t<\/div>\n\t\t\t\t<\/div>\n\t\t","protected":false},"excerpt":{"rendered":"<p>Politiques en mati\u00e8re de cookies a) Que sont les cookies ? Un cookie est un fichier t\u00e9l\u00e9charg\u00e9 sur votre ordinateur lorsque vous acc\u00e9dez \u00e0 certaines pages Web. Les cookies permettent, entre autres, \u00e0 un site Web de stocker et de r\u00e9cup\u00e9rer des informations sur les habitudes de navigation d&rsquo;un utilisateur ou de son \u00e9quipement et,&hellip; <a class=\"more-link\" href=\"https:\/\/valencialcor.com\/fr\/politiques-en-matiere-de-cookies\/\">Poursuivre la lecture <span class=\"screen-reader-text\">Politiques en mati\u00e8re de cookies<\/span><\/a><\/p>\n","protected":false},"author":1,"featured_media":0,"parent":0,"menu_order":0,"comment_status":"closed","ping_status":"closed","template":"elementor_header_footer","meta":{"footnotes":""},"class_list":["post-1593","page","type-page","status-publish","hentry","entry"],"yoast_head":"<!-- This site is optimized with the Yoast SEO plugin v27.4 - https:\/\/yoast.com\/product\/yoast-seo-wordpress\/ -->\n<title>Politiques en mati\u00e8re de cookies - Valencia al cor<\/title>\n<meta name=\"robots\" content=\"index, follow, max-snippet:-1, max-image-preview:large, max-video-preview:-1\" \/>\n<link rel=\"canonical\" href=\"https:\/\/valencialcor.com\/fr\/politiques-en-matiere-de-cookies\/\" \/>\n<meta property=\"og:locale\" content=\"fr_FR\" \/>\n<meta property=\"og:type\" content=\"article\" \/>\n<meta property=\"og:title\" content=\"Politiques en mati\u00e8re de cookies - Valencia al cor\" \/>\n<meta property=\"og:description\" content=\"Politiques en mati\u00e8re de cookies a) Que sont les cookies ? Un cookie est un fichier t\u00e9l\u00e9charg\u00e9 sur votre ordinateur lorsque vous acc\u00e9dez \u00e0 certaines pages Web. Les cookies permettent, entre autres, \u00e0 un site Web de stocker et de r\u00e9cup\u00e9rer des informations sur les habitudes de navigation d&rsquo;un utilisateur ou de son \u00e9quipement et,&hellip; Poursuivre la lecture Politiques en mati\u00e8re de cookies\" \/>\n<meta property=\"og:url\" content=\"https:\/\/valencialcor.com\/fr\/politiques-en-matiere-de-cookies\/\" \/>\n<meta property=\"og:site_name\" content=\"Valencia al cor\" \/>\n<meta property=\"article:modified_time\" content=\"2024-01-04T09:48:59+00:00\" \/>\n<meta name=\"twitter:card\" content=\"summary_large_image\" \/>\n<meta name=\"twitter:label1\" content=\"Dur\u00e9e de lecture estim\u00e9e\" \/>\n\t<meta name=\"twitter:data1\" content=\"10 minutes\" \/>\n<script type=\"application\/ld+json\" class=\"yoast-schema-graph\">{\"@context\":\"https:\\\/\\\/schema.org\",\"@graph\":[{\"@type\":\"WebPage\",\"@id\":\"https:\\\/\\\/valencialcor.com\\\/fr\\\/politiques-en-matiere-de-cookies\\\/\",\"url\":\"https:\\\/\\\/valencialcor.com\\\/fr\\\/politiques-en-matiere-de-cookies\\\/\",\"name\":\"Politiques en mati\u00e8re de cookies - Valencia al cor\",\"isPartOf\":{\"@id\":\"https:\\\/\\\/valencialcor.com\\\/#website\"},\"datePublished\":\"2023-12-19T12:22:12+00:00\",\"dateModified\":\"2024-01-04T09:48:59+00:00\",\"breadcrumb\":{\"@id\":\"https:\\\/\\\/valencialcor.com\\\/fr\\\/politiques-en-matiere-de-cookies\\\/#breadcrumb\"},\"inLanguage\":\"fr-FR\",\"potentialAction\":[{\"@type\":\"ReadAction\",\"target\":[\"https:\\\/\\\/valencialcor.com\\\/fr\\\/politiques-en-matiere-de-cookies\\\/\"]}]},{\"@type\":\"BreadcrumbList\",\"@id\":\"https:\\\/\\\/valencialcor.com\\\/fr\\\/politiques-en-matiere-de-cookies\\\/#breadcrumb\",\"itemListElement\":[{\"@type\":\"ListItem\",\"position\":1,\"name\":\"Portada\",\"item\":\"https:\\\/\\\/valencialcor.com\\\/qui-suis-je\\\/\"},{\"@type\":\"ListItem\",\"position\":2,\"name\":\"Politiques en mati\u00e8re de cookies\"}]},{\"@type\":\"WebSite\",\"@id\":\"https:\\\/\\\/valencialcor.com\\\/#website\",\"url\":\"https:\\\/\\\/valencialcor.com\\\/\",\"name\":\"Valencia al cor\",\"description\":\"\",\"publisher\":{\"@id\":\"https:\\\/\\\/valencialcor.com\\\/#organization\"},\"potentialAction\":[{\"@type\":\"SearchAction\",\"target\":{\"@type\":\"EntryPoint\",\"urlTemplate\":\"https:\\\/\\\/valencialcor.com\\\/?s={search_term_string}\"},\"query-input\":{\"@type\":\"PropertyValueSpecification\",\"valueRequired\":true,\"valueName\":\"search_term_string\"}}],\"inLanguage\":\"fr-FR\"},{\"@type\":\"Organization\",\"@id\":\"https:\\\/\\\/valencialcor.com\\\/#organization\",\"name\":\"Valencia al cor\",\"url\":\"https:\\\/\\\/valencialcor.com\\\/\",\"logo\":{\"@type\":\"ImageObject\",\"inLanguage\":\"fr-FR\",\"@id\":\"https:\\\/\\\/valencialcor.com\\\/#\\\/schema\\\/logo\\\/image\\\/\",\"url\":\"https:\\\/\\\/valencialcor.com\\\/wp-content\\\/uploads\\\/2023\\\/12\\\/logoVC-2.png\",\"contentUrl\":\"https:\\\/\\\/valencialcor.com\\\/wp-content\\\/uploads\\\/2023\\\/12\\\/logoVC-2.png\",\"width\":247,\"height\":234,\"caption\":\"Valencia al cor\"},\"image\":{\"@id\":\"https:\\\/\\\/valencialcor.com\\\/#\\\/schema\\\/logo\\\/image\\\/\"}}]}<\/script>\n<!-- \/ Yoast SEO plugin. -->","yoast_head_json":{"title":"Politiques en mati\u00e8re de cookies - Valencia al cor","robots":{"index":"index","follow":"follow","max-snippet":"max-snippet:-1","max-image-preview":"max-image-preview:large","max-video-preview":"max-video-preview:-1"},"canonical":"https:\/\/valencialcor.com\/fr\/politiques-en-matiere-de-cookies\/","og_locale":"fr_FR","og_type":"article","og_title":"Politiques en mati\u00e8re de cookies - Valencia al cor","og_description":"Politiques en mati\u00e8re de cookies a) Que sont les cookies ? Un cookie est un fichier t\u00e9l\u00e9charg\u00e9 sur votre ordinateur lorsque vous acc\u00e9dez \u00e0 certaines pages Web. Les cookies permettent, entre autres, \u00e0 un site Web de stocker et de r\u00e9cup\u00e9rer des informations sur les habitudes de navigation d&rsquo;un utilisateur ou de son \u00e9quipement et,&hellip; Poursuivre la lecture Politiques en mati\u00e8re de cookies","og_url":"https:\/\/valencialcor.com\/fr\/politiques-en-matiere-de-cookies\/","og_site_name":"Valencia al cor","article_modified_time":"2024-01-04T09:48:59+00:00","twitter_card":"summary_large_image","twitter_misc":{"Dur\u00e9e de lecture estim\u00e9e":"10 minutes"},"schema":{"@context":"https:\/\/schema.org","@graph":[{"@type":"WebPage","@id":"https:\/\/valencialcor.com\/fr\/politiques-en-matiere-de-cookies\/","url":"https:\/\/valencialcor.com\/fr\/politiques-en-matiere-de-cookies\/","name":"Politiques en mati\u00e8re de cookies - Valencia al cor","isPartOf":{"@id":"https:\/\/valencialcor.com\/#website"},"datePublished":"2023-12-19T12:22:12+00:00","dateModified":"2024-01-04T09:48:59+00:00","breadcrumb":{"@id":"https:\/\/valencialcor.com\/fr\/politiques-en-matiere-de-cookies\/#breadcrumb"},"inLanguage":"fr-FR","potentialAction":[{"@type":"ReadAction","target":["https:\/\/valencialcor.com\/fr\/politiques-en-matiere-de-cookies\/"]}]},{"@type":"BreadcrumbList","@id":"https:\/\/valencialcor.com\/fr\/politiques-en-matiere-de-cookies\/#breadcrumb","itemListElement":[{"@type":"ListItem","position":1,"name":"Portada","item":"https:\/\/valencialcor.com\/qui-suis-je\/"},{"@type":"ListItem","position":2,"name":"Politiques en mati\u00e8re de cookies"}]},{"@type":"WebSite","@id":"https:\/\/valencialcor.com\/#website","url":"https:\/\/valencialcor.com\/","name":"Valencia al cor","description":"","publisher":{"@id":"https:\/\/valencialcor.com\/#organization"},"potentialAction":[{"@type":"SearchAction","target":{"@type":"EntryPoint","urlTemplate":"https:\/\/valencialcor.com\/?s={search_term_string}"},"query-input":{"@type":"PropertyValueSpecification","valueRequired":true,"valueName":"search_term_string"}}],"inLanguage":"fr-FR"},{"@type":"Organization","@id":"https:\/\/valencialcor.com\/#organization","name":"Valencia al cor","url":"https:\/\/valencialcor.com\/","logo":{"@type":"ImageObject","inLanguage":"fr-FR","@id":"https:\/\/valencialcor.com\/#\/schema\/logo\/image\/","url":"https:\/\/valencialcor.com\/wp-content\/uploads\/2023\/12\/logoVC-2.png","contentUrl":"https:\/\/valencialcor.com\/wp-content\/uploads\/2023\/12\/logoVC-2.png","width":247,"height":234,"caption":"Valencia al cor"},"image":{"@id":"https:\/\/valencialcor.com\/#\/schema\/logo\/image\/"}}]}},"_links":{"self":[{"href":"https:\/\/valencialcor.com\/fr\/wp-json\/wp\/v2\/pages\/1593","targetHints":{"allow":["GET"]}}],"collection":[{"href":"https:\/\/valencialcor.com\/fr\/wp-json\/wp\/v2\/pages"}],"about":[{"href":"https:\/\/valencialcor.com\/fr\/wp-json\/wp\/v2\/types\/page"}],"author":[{"embeddable":true,"href":"https:\/\/valencialcor.com\/fr\/wp-json\/wp\/v2\/users\/1"}],"replies":[{"embeddable":true,"href":"https:\/\/valencialcor.com\/fr\/wp-json\/wp\/v2\/comments?post=1593"}],"version-history":[{"count":7,"href":"https:\/\/valencialcor.com\/fr\/wp-json\/wp\/v2\/pages\/1593\/revisions"}],"predecessor-version":[{"id":1600,"href":"https:\/\/valencialcor.com\/fr\/wp-json\/wp\/v2\/pages\/1593\/revisions\/1600"}],"wp:attachment":[{"href":"https:\/\/valencialcor.com\/fr\/wp-json\/wp\/v2\/media?parent=1593"}],"curies":[{"name":"wp","href":"https:\/\/api.w.org\/{rel}","templated":true}]}}