{"id":1577,"date":"2023-12-19T12:16:05","date_gmt":"2023-12-19T12:16:05","guid":{"rendered":"https:\/\/valencialcor.com\/politique-de-confidentialite\/"},"modified":"2024-01-04T08:56:07","modified_gmt":"2024-01-04T08:56:07","slug":"politique-de-confidentialite","status":"publish","type":"page","link":"https:\/\/valencialcor.com\/fr\/politique-de-confidentialite\/","title":{"rendered":"Politique de confidentialit\u00e9"},"content":{"rendered":"\t\t<div data-elementor-type=\"wp-page\" data-elementor-id=\"1577\" class=\"elementor elementor-1577 elementor-243\" data-elementor-post-type=\"page\">\n\t\t\t\t<div class=\"elementor-element elementor-element-20c38fa4 e-flex e-con-boxed e-con e-parent\" data-id=\"20c38fa4\" data-element_type=\"container\" data-e-type=\"container\">\n\t\t\t\t\t<div class=\"e-con-inner\">\n\t\t\t\t<div class=\"elementor-element elementor-element-55c2bf6 elementor-widget elementor-widget-heading\" data-id=\"55c2bf6\" data-element_type=\"widget\" data-e-type=\"widget\" data-widget_type=\"heading.default\">\n\t\t\t\t<div class=\"elementor-widget-container\">\n\t\t\t\t\t<h2 class=\"elementor-heading-title elementor-size-default\">Politique de confidentialit\u00e9<\/h2>\t\t\t\t<\/div>\n\t\t\t\t<\/div>\n\t\t\t\t<div class=\"elementor-element elementor-element-12186286 elementor-widget elementor-widget-text-editor\" data-id=\"12186286\" data-element_type=\"widget\" data-e-type=\"widget\" data-widget_type=\"text-editor.default\">\n\t\t\t\t<div class=\"elementor-widget-container\">\n\t\t\t\t\t\t\t\t\t\n<p>I. INFORMATION CONFORM\u00c9MENT AUX DISPOSITIONS DE LA LOI 34\/2002 DU 11 JUILLET SUR LES SERVICES DE LA SOCI\u00c9T\u00c9 DE L&rsquo;INFORMATION ET DU COMMERCE \u00c9LECTRONIQUE<\/p>\n\n<p><br>Conform\u00e9ment aux dispositions de l&rsquo;article 10 de la loi 34\/2002 du 11 juillet sur les services de la soci\u00e9t\u00e9 de l&rsquo;information et du commerce \u00e9lectronique (ci-apr\u00e8s LSSI-CE), l&rsquo;information est expresse, pr\u00e9cise et sans \u00e9quivoque, tant aux destinataires du service qu&rsquo;aux les organismes comp\u00e9tents, des aspects suivants li\u00e9s au prestataire de services de la soci\u00e9t\u00e9 de l&rsquo;information :<\/p>\n\n<p>NOM DE L\u2019ENTREPRISE : Valencia al cor<\/p>\n\n<p>CIF: 20149112P <br>ADRESSE : C\/ San Francisco de Paula, 4-2 Valence 46024<br>TEL. 670-826659<br>EMAIL: evamyo@yahoo.de<\/p>\n\n<p><br>II. INFORMATIONS CONFORMES \u00c0 LA R\u00c9GLEMENTATION SUR LA PROTECTION DES DONN\u00c9ES PERSONNELLES<\/p>\n\n<p>En Europe et en Espagne, il existe des r\u00e9glementations sur la protection des donn\u00e9es con\u00e7ues pour prot\u00e9ger vos informations personnelles et qui sont obligatoires pour notre entit\u00e9.<br>Il est donc tr\u00e8s important pour nous que vous compreniez parfaitement ce que nous allons faire des donn\u00e9es personnelles que nous demandons. De cette fa\u00e7on, nous serons transparents et vous donnerons le contr\u00f4le de vos donn\u00e9es, avec un langage simple et des options claires qui vous permettront de d\u00e9cider ce que nous ferons de vos informations personnelles.<br>S&rsquo;il vous pla\u00eet, si apr\u00e8s avoir lu ces informations vous avez des questions, n&rsquo;h\u00e9sitez pas \u00e0 nous les poser.<br>Merci beaucoup pour votre collaboration.<\/p>\n\n<p><br>1. Contactez notre d\u00e9l\u00e9gu\u00e9 \u00e0 la protection des donn\u00e9es<\/p>\n\n<p>Savez-vous que dans notre entit\u00e9 nous disposons d&rsquo;un d\u00e9l\u00e9gu\u00e9 \u00e0 la protection des donn\u00e9es \u00e0 qui vous pouvez adresser toutes vos plaintes, doutes et suggestions concernant l&rsquo;utilisation de vos informations personnelles ?<br>\u2022 Num\u00e9ro de t\u00e9l\u00e9phone : 670-826659<br>\u2022 Adresse e-mail de contact : evamyo@yahoo.de<\/p>\n\n<p>2. \u00c0 quoi allons-nous utiliser vos donn\u00e9es ?<br>De mani\u00e8re g\u00e9n\u00e9rale, vos donn\u00e9es personnelles seront utilis\u00e9es pour pouvoir interagir avec vous, vous fournir nos services et r\u00e9pondre aux demandes que vous nous avez formul\u00e9es via les formulaires de notre site Internet.<br>De m\u00eame, ils peuvent \u00e9galement \u00eatre utilis\u00e9s pour d\u2019autres activit\u00e9s, comme par exemple vous envoyer de la publicit\u00e9 ou promouvoir nos activit\u00e9s.<\/p>\n\n<p>3. Pourquoi devons-nous utiliser vos donn\u00e9es ?<br>Vos donn\u00e9es personnelles sont n\u00e9cessaires pour pouvoir interagir avec vous et vous fournir nos services, ce qui nous permet d&rsquo;utiliser vos informations dans le cadre de la loi.<br>Il existe cependant certaines situations dans lesquelles nous aurons besoin de votre autorisation pr\u00e9alable pour r\u00e9aliser certaines activit\u00e9s, comme pouvoir vous envoyer de la publicit\u00e9 ou publier votre image sur Internet. Pour ce faire, nous mettrons \u00e0 votre disposition une s\u00e9rie de cases qui vous permettront de d\u00e9cider de mani\u00e8re claire et simple de l\u2019utilisation de vos informations personnelles.<\/p>\n\n<p>4. Qui conna\u00eetra les informations que nous demandons ?<br>De mani\u00e8re g\u00e9n\u00e9rale, seul le personnel d\u00fbment autoris\u00e9 de notre entit\u00e9 peut avoir connaissance des informations que nous demandons.<br>De m\u00eame, les entit\u00e9s qui doivent y avoir acc\u00e8s pour que nous puissions fournir nos services peuvent avoir connaissance de vos informations personnelles.<br>Par exemple, notre banque conna\u00eetra vos donn\u00e9es si le paiement de nos services s&rsquo;effectue par carte ou par virement bancaire.<br>De m\u00eame, les entit\u00e9s publiques ou priv\u00e9es auxquelles nous sommes oblig\u00e9s de fournir vos donn\u00e9es personnelles afin de se conformer \u00e0 toute loi auront connaissance de vos informations. Pour vous donner un exemple, la loi fiscale exige que l&rsquo;administration fiscale re\u00e7oive certaines informations sur les op\u00e9rations \u00e9conomiques qui d\u00e9passent un certain montant.<br>Dans le cas o\u00f9, outre les hypoth\u00e8ses susmentionn\u00e9es, nous devions divulguer vos informations personnelles \u00e0 d&rsquo;autres entit\u00e9s, nous demanderons au pr\u00e9alable votre autorisation au moyen d&rsquo;options claires qui vous permettront de prendre une d\u00e9cision \u00e0 cet \u00e9gard.<\/p>\n\n<p>5. Comment allons-nous prot\u00e9ger vos donn\u00e9es ?<br>Nous prot\u00e9gerons vos donn\u00e9es avec des mesures de s\u00e9curit\u00e9 efficaces bas\u00e9es sur les risques li\u00e9s \u00e0 l&rsquo;utilisation de vos informations.<br>\u00c0 cette fin, notre entit\u00e9 a approuv\u00e9 une politique de protection des donn\u00e9es et des contr\u00f4les et audits annuels sont effectu\u00e9s pour v\u00e9rifier que vos donn\u00e9es personnelles sont en s\u00e9curit\u00e9 \u00e0 tout moment.<\/p>\n\n<p>6. Enverrons-nous vos donn\u00e9es vers d\u2019autres pays ?<br>Dans le monde, il existe des pays qui garantissent la s\u00e9curit\u00e9 de leurs donn\u00e9es et d\u2019autres qui ne le sont pas. Par exemple, l\u2019Union europ\u00e9enne est un environnement s\u00fbr pour vos donn\u00e9es. Notre politique est de ne pas envoyer vos informations personnelles vers un pays qui n&rsquo;est pas s\u00e9curis\u00e9 du point de vue de la protection des donn\u00e9es.<\/p>\n\n<p><br>Dans le cas o\u00f9, pour vous fournir le service, il est essentiel d&rsquo;envoyer vos donn\u00e9es vers un pays qui n&rsquo;est pas aussi s\u00fbr que l&rsquo;Espagne, nous demanderons toujours votre autorisation au pr\u00e9alable et appliquerons des mesures de s\u00e9curit\u00e9 efficaces qui r\u00e9duisent les risques de envoyer vos informations \u00e0 votre personnel dans un autre pays.<\/p>\n\n<p>7. Combien de temps conserverons-nous vos donn\u00e9es ?<br>Nous conserverons vos donn\u00e9es pendant toute la dur\u00e9e de notre relation et aussi longtemps que la loi nous y oblige. Une fois les d\u00e9lais l\u00e9gaux applicables expir\u00e9s, nous proc\u00e9derons \u00e0 leur \u00e9limination de mani\u00e8re s\u00fbre et respectueuse de l&rsquo;environnement.<\/p>\n\n<p>8. Quels sont vos droits en mati\u00e8re de protection des donn\u00e9es ?<br>Vous pouvez \u00e0 tout moment nous contacter pour conna\u00eetre les informations que nous d\u00e9tenons sur vous, les rectifier si elles sont incorrectes et les supprimer une fois notre relation termin\u00e9e, si cela est l\u00e9galement possible.<br>Vous avez \u00e9galement le droit de demander le transfert de vos informations vers une autre entit\u00e9. Ce droit est appel\u00e9 \u00ab portabilit\u00e9 \u00bb et peut \u00eatre utile dans certaines situations.<\/p>\n\n<p><br>Pour exercer l&rsquo;un de ces droits, vous devez faire une demande \u00e9crite \u00e0 notre adresse, accompagn\u00e9e d&rsquo;une photocopie de votre pi\u00e8ce d&rsquo;identit\u00e9, afin de pouvoir vous identifier.<\/p>\n\n<p><br>Dans les bureaux de notre entit\u00e9, nous disposons de formulaires sp\u00e9cifiques pour demander ces droits et nous proposons notre aide pour les remplir.<\/p>\n\n<p><br>Pour en savoir plus sur vos droits en mati\u00e8re de protection des donn\u00e9es, vous pouvez consulter le site Web de l&rsquo;Agence espagnole de protection des donn\u00e9es (www.agpd.es).<\/p>\n\n<p>9. Pouvez-vous retirer votre consentement si vous changez d\u2019avis ult\u00e9rieurement ?<br>Vous pouvez \u00e0 tout moment retirer votre consentement si vous changez d\u2019avis sur l\u2019utilisation de vos donn\u00e9es.<br>Par exemple, si vous \u00e9tiez autrefois int\u00e9ress\u00e9 \u00e0 recevoir de la publicit\u00e9 pour nos produits ou services, mais que vous ne souhaitez plus recevoir de publicit\u00e9, vous pouvez nous le faire savoir en utilisant le formulaire d&rsquo;opposition au traitement disponible dans les bureaux de notre entit\u00e9.<\/p>\n\n<p>10. Si vous estimez que vos droits ont \u00e9t\u00e9 bafou\u00e9s, o\u00f9 pouvez-vous d\u00e9poser une plainte ?<br>Si vous comprenez que vos droits ont \u00e9t\u00e9 n\u00e9glig\u00e9s par notre entit\u00e9, vous pouvez d\u00e9poser une r\u00e9clamation aupr\u00e8s de l&rsquo;Agence espagnole de protection des donn\u00e9es, par l&rsquo;un des moyens suivants :<\/p>\n\n<p><br>\u2022 Bureau \u00e9lectronique: www.agpd.es<br>\u2022 Adresse postale : Agence espagnole de protection des donn\u00e9es C\/ Jorge Juan, 6 28001-Madrid<br>\u2022 Via telef\u00f3nica:<br>\u25e6 Telf. 901 100 099<br>\u25e6 Telf. 91 266 35 17<\/p>\n\n<p><br>Le d\u00e9p\u00f4t d&rsquo;une r\u00e9clamation aupr\u00e8s de l&rsquo;Agence espagnole de protection des donn\u00e9es n&rsquo;entra\u00eene aucun frais et l&rsquo;assistance d&rsquo;un avocat n&rsquo;est pas n\u00e9cessaire.<\/p>\n\n<p>11. Allons-nous vous \u00e9tablir un profil ?<br>Notre politique est de ne pas cr\u00e9er de profils sur les utilisateurs de nos services.<br>Cependant, il peut y avoir des situations o\u00f9, \u00e0 des fins de prestation de services, commerciales ou autres, nous devons profiler des informations vous concernant. Un exemple pourrait \u00eatre l\u2019utilisation de votre historique d\u2019achats ou de services pour pouvoir vous proposer des produits ou services adapt\u00e9s \u00e0 vos go\u00fbts ou besoins.<br>Dans ce cas, nous vous tiendrons toujours inform\u00e9s \u00e0 l&rsquo;avance et appliquerons des mesures de s\u00e9curit\u00e9 efficaces pour prot\u00e9ger \u00e0 tout moment vos informations contre les personnes non autoris\u00e9es qui cherchent \u00e0 les utiliser \u00e0 leur propre b\u00e9n\u00e9fice.<\/p>\n\n<p><br>12. Allons-nous utiliser vos donn\u00e9es \u00e0 d\u2019autres fins ?<br>Notre politique est de ne pas utiliser vos donn\u00e9es \u00e0 des fins autres que celles que nous vous avons expliqu\u00e9es. Si, toutefois, nous devons utiliser vos donn\u00e9es pour diff\u00e9rentes activit\u00e9s, nous vous demanderons toujours votre autorisation au pr\u00e9alable \u00e0 travers des options claires qui vous permettront de d\u00e9cider.<\/p>\n\n<p>  13. Qualit\u00e9 des donn\u00e9es trait\u00e9es<\/p>\n\n<p>Notre politique est de ne pas collecter de donn\u00e9es aupr\u00e8s de personnes de moins de treize ans et dans le cas o\u00f9 une personne de moins de treize ans nous fournit ses donn\u00e9es, nous proc\u00e9derons \u00e0 leur destruction imm\u00e9diate.<br>Vous ne devez pas nous fournir des donn\u00e9es fausses ou de tiers sans leur consentement. Vous \u00eates responsable de la v\u00e9racit\u00e9 et de l&rsquo;exactitude des donn\u00e9es fournies.<\/p>\n\t\t\t\t\t\t\t\t<\/div>\n\t\t\t\t<\/div>\n\t\t\t\t\t<\/div>\n\t\t\t\t<\/div>\n\t\t\t\t<\/div>\n\t\t","protected":false},"excerpt":{"rendered":"<p>Politique de confidentialit\u00e9 I. INFORMATION CONFORM\u00c9MENT AUX DISPOSITIONS DE LA LOI 34\/2002 DU 11 JUILLET SUR LES SERVICES DE LA SOCI\u00c9T\u00c9 DE L&rsquo;INFORMATION ET DU COMMERCE \u00c9LECTRONIQUE Conform\u00e9ment aux dispositions de l&rsquo;article 10 de la loi 34\/2002 du 11 juillet sur les services de la soci\u00e9t\u00e9 de l&rsquo;information et du commerce \u00e9lectronique (ci-apr\u00e8s LSSI-CE), l&rsquo;information&hellip; <a class=\"more-link\" href=\"https:\/\/valencialcor.com\/fr\/politique-de-confidentialite\/\">Poursuivre la lecture <span class=\"screen-reader-text\">Politique de confidentialit\u00e9<\/span><\/a><\/p>\n","protected":false},"author":1,"featured_media":0,"parent":0,"menu_order":0,"comment_status":"closed","ping_status":"closed","template":"elementor_header_footer","meta":{"footnotes":""},"class_list":["post-1577","page","type-page","status-publish","hentry","entry"],"yoast_head":"<!-- This site is optimized with the Yoast SEO plugin v27.4 - https:\/\/yoast.com\/product\/yoast-seo-wordpress\/ -->\n<title>Politique de confidentialit\u00e9 - Valencia al cor<\/title>\n<meta name=\"robots\" content=\"index, follow, max-snippet:-1, max-image-preview:large, max-video-preview:-1\" \/>\n<link rel=\"canonical\" href=\"https:\/\/valencialcor.com\/fr\/politique-de-confidentialite\/\" \/>\n<meta property=\"og:locale\" content=\"fr_FR\" \/>\n<meta property=\"og:type\" content=\"article\" \/>\n<meta property=\"og:title\" content=\"Politique de confidentialit\u00e9 - Valencia al cor\" \/>\n<meta property=\"og:description\" content=\"Politique de confidentialit\u00e9 I. INFORMATION CONFORM\u00c9MENT AUX DISPOSITIONS DE LA LOI 34\/2002 DU 11 JUILLET SUR LES SERVICES DE LA SOCI\u00c9T\u00c9 DE L&rsquo;INFORMATION ET DU COMMERCE \u00c9LECTRONIQUE Conform\u00e9ment aux dispositions de l&rsquo;article 10 de la loi 34\/2002 du 11 juillet sur les services de la soci\u00e9t\u00e9 de l&rsquo;information et du commerce \u00e9lectronique (ci-apr\u00e8s LSSI-CE), l&rsquo;information&hellip; Poursuivre la lecture Politique de confidentialit\u00e9\" \/>\n<meta property=\"og:url\" content=\"https:\/\/valencialcor.com\/fr\/politique-de-confidentialite\/\" \/>\n<meta property=\"og:site_name\" content=\"Valencia al cor\" \/>\n<meta property=\"article:modified_time\" content=\"2024-01-04T08:56:07+00:00\" \/>\n<meta name=\"twitter:card\" content=\"summary_large_image\" \/>\n<meta name=\"twitter:label1\" content=\"Dur\u00e9e de lecture estim\u00e9e\" \/>\n\t<meta name=\"twitter:data1\" content=\"8 minutes\" \/>\n<script type=\"application\/ld+json\" class=\"yoast-schema-graph\">{\"@context\":\"https:\\\/\\\/schema.org\",\"@graph\":[{\"@type\":\"WebPage\",\"@id\":\"https:\\\/\\\/valencialcor.com\\\/fr\\\/politique-de-confidentialite\\\/\",\"url\":\"https:\\\/\\\/valencialcor.com\\\/fr\\\/politique-de-confidentialite\\\/\",\"name\":\"Politique de confidentialit\u00e9 - Valencia al cor\",\"isPartOf\":{\"@id\":\"https:\\\/\\\/valencialcor.com\\\/#website\"},\"datePublished\":\"2023-12-19T12:16:05+00:00\",\"dateModified\":\"2024-01-04T08:56:07+00:00\",\"breadcrumb\":{\"@id\":\"https:\\\/\\\/valencialcor.com\\\/fr\\\/politique-de-confidentialite\\\/#breadcrumb\"},\"inLanguage\":\"fr-FR\",\"potentialAction\":[{\"@type\":\"ReadAction\",\"target\":[\"https:\\\/\\\/valencialcor.com\\\/fr\\\/politique-de-confidentialite\\\/\"]}]},{\"@type\":\"BreadcrumbList\",\"@id\":\"https:\\\/\\\/valencialcor.com\\\/fr\\\/politique-de-confidentialite\\\/#breadcrumb\",\"itemListElement\":[{\"@type\":\"ListItem\",\"position\":1,\"name\":\"Portada\",\"item\":\"https:\\\/\\\/valencialcor.com\\\/qui-suis-je\\\/\"},{\"@type\":\"ListItem\",\"position\":2,\"name\":\"Politique de confidentialit\u00e9\"}]},{\"@type\":\"WebSite\",\"@id\":\"https:\\\/\\\/valencialcor.com\\\/#website\",\"url\":\"https:\\\/\\\/valencialcor.com\\\/\",\"name\":\"Valencia al cor\",\"description\":\"\",\"publisher\":{\"@id\":\"https:\\\/\\\/valencialcor.com\\\/#organization\"},\"potentialAction\":[{\"@type\":\"SearchAction\",\"target\":{\"@type\":\"EntryPoint\",\"urlTemplate\":\"https:\\\/\\\/valencialcor.com\\\/?s={search_term_string}\"},\"query-input\":{\"@type\":\"PropertyValueSpecification\",\"valueRequired\":true,\"valueName\":\"search_term_string\"}}],\"inLanguage\":\"fr-FR\"},{\"@type\":\"Organization\",\"@id\":\"https:\\\/\\\/valencialcor.com\\\/#organization\",\"name\":\"Valencia al cor\",\"url\":\"https:\\\/\\\/valencialcor.com\\\/\",\"logo\":{\"@type\":\"ImageObject\",\"inLanguage\":\"fr-FR\",\"@id\":\"https:\\\/\\\/valencialcor.com\\\/#\\\/schema\\\/logo\\\/image\\\/\",\"url\":\"https:\\\/\\\/valencialcor.com\\\/wp-content\\\/uploads\\\/2023\\\/12\\\/logoVC-2.png\",\"contentUrl\":\"https:\\\/\\\/valencialcor.com\\\/wp-content\\\/uploads\\\/2023\\\/12\\\/logoVC-2.png\",\"width\":247,\"height\":234,\"caption\":\"Valencia al cor\"},\"image\":{\"@id\":\"https:\\\/\\\/valencialcor.com\\\/#\\\/schema\\\/logo\\\/image\\\/\"}}]}<\/script>\n<!-- \/ Yoast SEO plugin. -->","yoast_head_json":{"title":"Politique de confidentialit\u00e9 - Valencia al cor","robots":{"index":"index","follow":"follow","max-snippet":"max-snippet:-1","max-image-preview":"max-image-preview:large","max-video-preview":"max-video-preview:-1"},"canonical":"https:\/\/valencialcor.com\/fr\/politique-de-confidentialite\/","og_locale":"fr_FR","og_type":"article","og_title":"Politique de confidentialit\u00e9 - Valencia al cor","og_description":"Politique de confidentialit\u00e9 I. INFORMATION CONFORM\u00c9MENT AUX DISPOSITIONS DE LA LOI 34\/2002 DU 11 JUILLET SUR LES SERVICES DE LA SOCI\u00c9T\u00c9 DE L&rsquo;INFORMATION ET DU COMMERCE \u00c9LECTRONIQUE Conform\u00e9ment aux dispositions de l&rsquo;article 10 de la loi 34\/2002 du 11 juillet sur les services de la soci\u00e9t\u00e9 de l&rsquo;information et du commerce \u00e9lectronique (ci-apr\u00e8s LSSI-CE), l&rsquo;information&hellip; Poursuivre la lecture Politique de confidentialit\u00e9","og_url":"https:\/\/valencialcor.com\/fr\/politique-de-confidentialite\/","og_site_name":"Valencia al cor","article_modified_time":"2024-01-04T08:56:07+00:00","twitter_card":"summary_large_image","twitter_misc":{"Dur\u00e9e de lecture estim\u00e9e":"8 minutes"},"schema":{"@context":"https:\/\/schema.org","@graph":[{"@type":"WebPage","@id":"https:\/\/valencialcor.com\/fr\/politique-de-confidentialite\/","url":"https:\/\/valencialcor.com\/fr\/politique-de-confidentialite\/","name":"Politique de confidentialit\u00e9 - Valencia al cor","isPartOf":{"@id":"https:\/\/valencialcor.com\/#website"},"datePublished":"2023-12-19T12:16:05+00:00","dateModified":"2024-01-04T08:56:07+00:00","breadcrumb":{"@id":"https:\/\/valencialcor.com\/fr\/politique-de-confidentialite\/#breadcrumb"},"inLanguage":"fr-FR","potentialAction":[{"@type":"ReadAction","target":["https:\/\/valencialcor.com\/fr\/politique-de-confidentialite\/"]}]},{"@type":"BreadcrumbList","@id":"https:\/\/valencialcor.com\/fr\/politique-de-confidentialite\/#breadcrumb","itemListElement":[{"@type":"ListItem","position":1,"name":"Portada","item":"https:\/\/valencialcor.com\/qui-suis-je\/"},{"@type":"ListItem","position":2,"name":"Politique de confidentialit\u00e9"}]},{"@type":"WebSite","@id":"https:\/\/valencialcor.com\/#website","url":"https:\/\/valencialcor.com\/","name":"Valencia al cor","description":"","publisher":{"@id":"https:\/\/valencialcor.com\/#organization"},"potentialAction":[{"@type":"SearchAction","target":{"@type":"EntryPoint","urlTemplate":"https:\/\/valencialcor.com\/?s={search_term_string}"},"query-input":{"@type":"PropertyValueSpecification","valueRequired":true,"valueName":"search_term_string"}}],"inLanguage":"fr-FR"},{"@type":"Organization","@id":"https:\/\/valencialcor.com\/#organization","name":"Valencia al cor","url":"https:\/\/valencialcor.com\/","logo":{"@type":"ImageObject","inLanguage":"fr-FR","@id":"https:\/\/valencialcor.com\/#\/schema\/logo\/image\/","url":"https:\/\/valencialcor.com\/wp-content\/uploads\/2023\/12\/logoVC-2.png","contentUrl":"https:\/\/valencialcor.com\/wp-content\/uploads\/2023\/12\/logoVC-2.png","width":247,"height":234,"caption":"Valencia al cor"},"image":{"@id":"https:\/\/valencialcor.com\/#\/schema\/logo\/image\/"}}]}},"_links":{"self":[{"href":"https:\/\/valencialcor.com\/fr\/wp-json\/wp\/v2\/pages\/1577","targetHints":{"allow":["GET"]}}],"collection":[{"href":"https:\/\/valencialcor.com\/fr\/wp-json\/wp\/v2\/pages"}],"about":[{"href":"https:\/\/valencialcor.com\/fr\/wp-json\/wp\/v2\/types\/page"}],"author":[{"embeddable":true,"href":"https:\/\/valencialcor.com\/fr\/wp-json\/wp\/v2\/users\/1"}],"replies":[{"embeddable":true,"href":"https:\/\/valencialcor.com\/fr\/wp-json\/wp\/v2\/comments?post=1577"}],"version-history":[{"count":3,"href":"https:\/\/valencialcor.com\/fr\/wp-json\/wp\/v2\/pages\/1577\/revisions"}],"predecessor-version":[{"id":1580,"href":"https:\/\/valencialcor.com\/fr\/wp-json\/wp\/v2\/pages\/1577\/revisions\/1580"}],"wp:attachment":[{"href":"https:\/\/valencialcor.com\/fr\/wp-json\/wp\/v2\/media?parent=1577"}],"curies":[{"name":"wp","href":"https:\/\/api.w.org\/{rel}","templated":true}]}}