{"id":1567,"date":"2023-12-19T12:14:05","date_gmt":"2023-12-19T12:14:05","guid":{"rendered":"https:\/\/valencialcor.com\/avis-juridique\/"},"modified":"2024-01-04T08:26:53","modified_gmt":"2024-01-04T08:26:53","slug":"avis-juridique","status":"publish","type":"page","link":"https:\/\/valencialcor.com\/fr\/avis-juridique\/","title":{"rendered":"Avis juridique"},"content":{"rendered":"\t\t<div data-elementor-type=\"wp-page\" data-elementor-id=\"1567\" class=\"elementor elementor-1567 elementor-240\" data-elementor-post-type=\"page\">\n\t\t\t\t<div class=\"elementor-element elementor-element-675c926d e-flex e-con-boxed e-con e-parent\" data-id=\"675c926d\" data-element_type=\"container\" data-e-type=\"container\">\n\t\t\t\t\t<div class=\"e-con-inner\">\n\t\t\t\t<div class=\"elementor-element elementor-element-4192658 elementor-widget elementor-widget-heading\" data-id=\"4192658\" data-element_type=\"widget\" data-e-type=\"widget\" data-widget_type=\"heading.default\">\n\t\t\t\t<div class=\"elementor-widget-container\">\n\t\t\t\t\t<h2 class=\"elementor-heading-title elementor-size-default\">Avis juridique<\/h2>\t\t\t\t<\/div>\n\t\t\t\t<\/div>\n\t\t\t\t<div class=\"elementor-element elementor-element-2c0fa940 elementor-widget elementor-widget-text-editor\" data-id=\"2c0fa940\" data-element_type=\"widget\" data-e-type=\"widget\" data-widget_type=\"text-editor.default\">\n\t\t\t\t<div class=\"elementor-widget-container\">\n\t\t\t\t\t\t\t\t\t\n<p><strong>1. Donn\u00e9es d&rsquo;identification<\/strong><\/p>\n\n<p>Conform\u00e9ment \u00e0 l&rsquo;article 10 de la loi 34\/2002 du 11 juillet sur les services de la soci\u00e9t\u00e9 de l&rsquo;information et du commerce \u00e9lectronique, nous pr\u00e9sentons ci-dessous les donn\u00e9es d&rsquo;identification de notre entreprise :<\/p>\n\n<p>Valencia al cor \/ Eva Mar\u00eda Mart\u00ednez Sabater <\/p>\n\n<p>Si\u00e8ge social : C\/ San Francisco de Paula, 4-2 Valence 46024<\/p>\n\n<p>NIF\/CIF: 20149112P<\/p>\n\n<p>T\u00e9l\u00e9phone : 670-826659<\/p>\n\n<p>EMAIL: evamyo@yahoo.de<\/p>\n\n<p><strong>2. Utilisateurs<\/strong><\/p>\n\n<p>L&rsquo;acc\u00e8s et\/ou l&rsquo;utilisation de ce portail attribue la condition d&rsquo;UTILISATEUR, qui accepte, \u00e0 partir dudit acc\u00e8s et\/ou utilisation, les Conditions G\u00e9n\u00e9rales d&rsquo;Utilisation refl\u00e9t\u00e9es ici. Les Conditions susvis\u00e9es s\u2019appliqueront quelles que soient les Conditions G\u00e9n\u00e9rales du Contrat qui, le cas \u00e9ch\u00e9ant, sont obligatoires.<\/p>\n\n<p><strong>3. Utilisation du portail<\/strong><\/p>\n\n<p>Valencia al cor donne acc\u00e8s \u00e0 une multitude de produits, informations, services, programmes ou donn\u00e9es (ci-apr\u00e8s, \u00ab les contenus \u00bb) sur Internet appartenant \u00e0 Valencia al cor, ou \u00e0 des tiers auxquels l&rsquo;UTILISATEUR peut avoir acc\u00e8s. L&rsquo;UTILISATEUR assume la responsabilit\u00e9 de l&rsquo;utilisation du portail. Cette responsabilit\u00e9 s&rsquo;\u00e9tend \u00e0 l&rsquo;inscription n\u00e9cessaire pour acc\u00e9der \u00e0 certains services ou contenus. Lors de cette inscription, l&rsquo;UTILISATEUR sera responsable de fournir des informations v\u00e9ridiques et licites.<\/p>\n\n<p>L&rsquo;UTILISATEUR s&rsquo;engage \u00e0 faire un usage appropri\u00e9 des contenus et des services que Valencia al cor propose \u00e0 travers son portail et, \u00e0 titre d&rsquo;exemple, mais sans s&rsquo;y limiter, \u00e0 ne pas les utiliser pour :<\/p>\n\n<ul>\n<li>S&rsquo;impliquer dans des activit\u00e9s illicites, ill\u00e9gales ou contraires \u00e0 la bonne foi et \u00e0 l&rsquo;ordre public.<\/li>\n\n<li>Diffuser des contenus ou de la propagande \u00e0 caract\u00e8re raciste, x\u00e9nophobe, pornographique, pr\u00f4nant le terrorisme ou violant les droits de l&rsquo;homme.<\/li>\n\n<li>Propri\u00e9t\u00e9 intellectuelle et industrielle<\/li>\n\n<li>Tous les signes distinctifs, marques, noms commerciaux, contenus, structure, conception et forme de pr\u00e9sentation des \u00e9l\u00e9ments et toute autre information qui appara\u00eet sur ce site Web sont la propri\u00e9t\u00e9 de Valencia al cor elle-m\u00eame ou en tant que cessionnaire et sont prot\u00e9g\u00e9s par les droits de propri\u00e9t\u00e9 industrielle et intellectuelle.<\/li>\n\n<li>Il est interdit \u00e0 l&rsquo;utilisateur de reproduire, transformer, distribuer, communiquer publiquement et, en g\u00e9n\u00e9ral, toute autre forme d&rsquo;exploitation des \u00e9l\u00e9ments vis\u00e9s \u00e0 la section pr\u00e9c\u00e9dente sans l&rsquo;autorisation expresse de Valencia al cor.<\/li>\n\n<li>L&rsquo;utilisateur s&rsquo;abstiendra d&rsquo;utiliser des moyens susceptibles de supprimer, alt\u00e9rer, \u00e9luder ou manipuler les dispositifs de protection ou les syst\u00e8mes de s\u00e9curit\u00e9 qui pourraient \u00eatre install\u00e9s et qui entra\u00eeneraient un risque d&rsquo;endommagement ou de d\u00e9sactivation du site Web et\/ou de son contenu.<\/li>\n\n<li>Valencia al cor n&rsquo;est pas responsable de l&rsquo;\u00e9ventuelle utilisation inappropri\u00e9e que des tiers font de ce site Web, ni des informations qu&rsquo;ils transmettent \u00e0 des tiers \u00e0 travers celui-ci. L&rsquo;utilisation des contenus que l&rsquo;utilisateur peut faire et les \u00e9ventuelles cons\u00e9quences, dommages ou pertes qui pourraient en d\u00e9couler, rel\u00e8vent de la responsabilit\u00e9 exclusive de l&rsquo;utilisateur. Valencia al cor est exclu des dommages de toute nature caus\u00e9s aux utilisateurs par l&rsquo;utilisation de liens, d&rsquo;annuaires et d&rsquo;outils de recherche, qui permettent aux utilisateurs d&rsquo;acc\u00e9der \u00e0 des sites Web d\u00e9tenus et\/ou g\u00e9r\u00e9s par des tiers ainsi que par la pr\u00e9sence de virus ou d&rsquo;autres codes malveillants. dans les contenus pouvant causer tout type de dommages au syst\u00e8me informatique, aux documents ou fichiers \u00e9lectroniques des utilisateurs. Valencia al cor se r\u00e9serve le droit d&rsquo;engager toute action en justice qu&rsquo;elle jugera appropri\u00e9e en cas d&rsquo;utilisation illicite par des tiers du contenu de son site Internet.<\/li>\n\n<li>Exclusion de garanties et de responsabilit\u00e9<\/li>\n<\/ul>\n\n<p>Valencia al cor n&rsquo;est en aucun cas responsable des dommages de toute nature qui pourraient \u00eatre caus\u00e9s, \u00e0 titre d&rsquo;exemple : erreurs ou omissions dans le contenu, manque de disponibilit\u00e9 du portail ou transmission de virus ou de programmes malveillants ou nuisibles. dans le contenu, m\u00eame si nous avons adopt\u00e9 toutes les mesures technologiques n\u00e9cessaires pour l&rsquo;\u00e9viter.<\/p>\n\n<p><strong>4. Modifications<\/strong><\/p>\n\n<p>Valencia al cor se r\u00e9serve le droit d&rsquo;apporter, sans pr\u00e9avis, toutes modifications qu&rsquo;elle juge appropri\u00e9es \u00e0 son portail, et peut changer, supprimer ou ajouter \u00e0 la fois le contenu et les services fournis par son interm\u00e9diaire ainsi que la mani\u00e8re dont ils sont pr\u00e9sent\u00e9s ou localis\u00e9s sur votre portail. .<\/p>\n\n<p><strong>5. Liens<\/strong><\/p>\n\n<p>Dans le cas o\u00f9 le nom de domaine contient des liens ou des hyperliens vers d&rsquo;autres sites Internet, Valencia al cor n&rsquo;exercera aucun type de contr\u00f4le sur ces sites et leurs contenus. Valencia al cor n&rsquo;assumera en aucun cas aucune responsabilit\u00e9 quant au contenu de tout lien appartenant \u00e0 un site Web tiers, ni ne garantira la disponibilit\u00e9 technique, la qualit\u00e9, la fiabilit\u00e9, l&rsquo;exactitude, l&rsquo;\u00e9tendue, la v\u00e9racit\u00e9, la validit\u00e9 et la constitutionnalit\u00e9 de tout mat\u00e9riel ou information contenu. dans l\u2019un de ces hyperliens ou autres sites Internet. De m\u00eame, l&rsquo;inclusion de ces connexions externes n&rsquo;impliquera aucun type d&rsquo;association, fusion ou participation avec les entit\u00e9s connect\u00e9es.<\/p>\n\n<p>Valencia al cor se r\u00e9serve le droit de refuser ou de retirer l&rsquo;acc\u00e8s au portail et\/ou aux services offerts sans pr\u00e9avis, \u00e0 sa propre demande ou \u00e0 celle d&rsquo;un tiers, aux utilisateurs qui ne respecteraient pas les Conditions G\u00e9n\u00e9rales d&rsquo;Utilisation.<\/p>\n\n<p><strong>6. Droit d&rsquo;exclusion<\/strong><\/p>\n\n<p>Valencia al cor se r\u00e9serve le droit de refuser ou de retirer l&rsquo;acc\u00e8s au portail et\/ou aux services offerts sans pr\u00e9avis, \u00e0 sa propre demande ou \u00e0 celle d&rsquo;un tiers, aux utilisateurs qui ne respecteraient pas les Conditions G\u00e9n\u00e9rales d&rsquo;Utilisation.<\/p>\n\n<p><strong>7. G\u00e9n\u00e9ralit\u00e9s<\/strong><\/p>\n\n<p>Valencia al cor poursuivra le non-respect des conditions ainsi que toute utilisation abusive de son portail en exer\u00e7ant toutes les actions civiles et p\u00e9nales pouvant s&rsquo;appliquer par la loi.<\/p>\n\n<p>Valencia al cor peut modifier \u00e0 tout moment les conditions d\u00e9termin\u00e9es ici, \u00e9tant d\u00fbment publi\u00e9es telles qu&rsquo;elles apparaissent ici.<\/p>\n\n<p><strong>8. Loi applicable et juridiction<\/strong><\/p>\n\n<p>La relation entre Valencia al cor et l&rsquo;UTILISATEUR sera r\u00e9gie par la r\u00e9glementation espagnole en vigueur et toute controverse sera soumise aux cours et tribunaux espagnols.<\/p>\n\n<p>R\u00e8glement en ligne des litiges en mati\u00e8re de consommation conform\u00e9ment \u00e0 l&rsquo;article 14.1 du r\u00e8glement (UE) 524\/2013 : La Commission europ\u00e9enne met \u00e0 disposition une plateforme de r\u00e8glement des litiges en ligne qui est disponible au lien suivant : <a href=\"http:\/\/ec.europa.eu\/consumers\/odr\/\">http:\/\/ec.europa.eu\/consumers\/odr\/<\/a>.<\/p>\n\t\t\t\t\t\t\t\t<\/div>\n\t\t\t\t<\/div>\n\t\t\t\t\t<\/div>\n\t\t\t\t<\/div>\n\t\t\t\t<\/div>\n\t\t","protected":false},"excerpt":{"rendered":"<p>Avis juridique 1. Donn\u00e9es d&rsquo;identification Conform\u00e9ment \u00e0 l&rsquo;article 10 de la loi 34\/2002 du 11 juillet sur les services de la soci\u00e9t\u00e9 de l&rsquo;information et du commerce \u00e9lectronique, nous pr\u00e9sentons ci-dessous les donn\u00e9es d&rsquo;identification de notre entreprise : Valencia al cor \/ Eva Mar\u00eda Mart\u00ednez Sabater Si\u00e8ge social : C\/ San Francisco de Paula, 4-2&hellip; <a class=\"more-link\" href=\"https:\/\/valencialcor.com\/fr\/avis-juridique\/\">Poursuivre la lecture <span class=\"screen-reader-text\">Avis juridique<\/span><\/a><\/p>\n","protected":false},"author":1,"featured_media":0,"parent":0,"menu_order":0,"comment_status":"closed","ping_status":"closed","template":"elementor_header_footer","meta":{"footnotes":""},"class_list":["post-1567","page","type-page","status-publish","hentry","entry"],"yoast_head":"<!-- This site is optimized with the Yoast SEO plugin v27.4 - https:\/\/yoast.com\/product\/yoast-seo-wordpress\/ -->\n<title>Avis juridique - Valencia al cor<\/title>\n<meta name=\"robots\" content=\"index, follow, max-snippet:-1, max-image-preview:large, max-video-preview:-1\" \/>\n<link rel=\"canonical\" href=\"https:\/\/valencialcor.com\/fr\/avis-juridique\/\" \/>\n<meta property=\"og:locale\" content=\"fr_FR\" \/>\n<meta property=\"og:type\" content=\"article\" \/>\n<meta property=\"og:title\" content=\"Avis juridique - Valencia al cor\" \/>\n<meta property=\"og:description\" content=\"Avis juridique 1. Donn\u00e9es d&rsquo;identification Conform\u00e9ment \u00e0 l&rsquo;article 10 de la loi 34\/2002 du 11 juillet sur les services de la soci\u00e9t\u00e9 de l&rsquo;information et du commerce \u00e9lectronique, nous pr\u00e9sentons ci-dessous les donn\u00e9es d&rsquo;identification de notre entreprise : Valencia al cor \/ Eva Mar\u00eda Mart\u00ednez Sabater Si\u00e8ge social : C\/ San Francisco de Paula, 4-2&hellip; Poursuivre la lecture Avis juridique\" \/>\n<meta property=\"og:url\" content=\"https:\/\/valencialcor.com\/fr\/avis-juridique\/\" \/>\n<meta property=\"og:site_name\" content=\"Valencia al cor\" \/>\n<meta property=\"article:modified_time\" content=\"2024-01-04T08:26:53+00:00\" \/>\n<meta name=\"twitter:card\" content=\"summary_large_image\" \/>\n<meta name=\"twitter:label1\" content=\"Dur\u00e9e de lecture estim\u00e9e\" \/>\n\t<meta name=\"twitter:data1\" content=\"5 minutes\" \/>\n<script type=\"application\/ld+json\" class=\"yoast-schema-graph\">{\"@context\":\"https:\\\/\\\/schema.org\",\"@graph\":[{\"@type\":\"WebPage\",\"@id\":\"https:\\\/\\\/valencialcor.com\\\/fr\\\/avis-juridique\\\/\",\"url\":\"https:\\\/\\\/valencialcor.com\\\/fr\\\/avis-juridique\\\/\",\"name\":\"Avis juridique - Valencia al cor\",\"isPartOf\":{\"@id\":\"https:\\\/\\\/valencialcor.com\\\/#website\"},\"datePublished\":\"2023-12-19T12:14:05+00:00\",\"dateModified\":\"2024-01-04T08:26:53+00:00\",\"breadcrumb\":{\"@id\":\"https:\\\/\\\/valencialcor.com\\\/fr\\\/avis-juridique\\\/#breadcrumb\"},\"inLanguage\":\"fr-FR\",\"potentialAction\":[{\"@type\":\"ReadAction\",\"target\":[\"https:\\\/\\\/valencialcor.com\\\/fr\\\/avis-juridique\\\/\"]}]},{\"@type\":\"BreadcrumbList\",\"@id\":\"https:\\\/\\\/valencialcor.com\\\/fr\\\/avis-juridique\\\/#breadcrumb\",\"itemListElement\":[{\"@type\":\"ListItem\",\"position\":1,\"name\":\"Portada\",\"item\":\"https:\\\/\\\/valencialcor.com\\\/qui-suis-je\\\/\"},{\"@type\":\"ListItem\",\"position\":2,\"name\":\"Avis juridique\"}]},{\"@type\":\"WebSite\",\"@id\":\"https:\\\/\\\/valencialcor.com\\\/#website\",\"url\":\"https:\\\/\\\/valencialcor.com\\\/\",\"name\":\"Valencia al cor\",\"description\":\"\",\"publisher\":{\"@id\":\"https:\\\/\\\/valencialcor.com\\\/#organization\"},\"potentialAction\":[{\"@type\":\"SearchAction\",\"target\":{\"@type\":\"EntryPoint\",\"urlTemplate\":\"https:\\\/\\\/valencialcor.com\\\/?s={search_term_string}\"},\"query-input\":{\"@type\":\"PropertyValueSpecification\",\"valueRequired\":true,\"valueName\":\"search_term_string\"}}],\"inLanguage\":\"fr-FR\"},{\"@type\":\"Organization\",\"@id\":\"https:\\\/\\\/valencialcor.com\\\/#organization\",\"name\":\"Valencia al cor\",\"url\":\"https:\\\/\\\/valencialcor.com\\\/\",\"logo\":{\"@type\":\"ImageObject\",\"inLanguage\":\"fr-FR\",\"@id\":\"https:\\\/\\\/valencialcor.com\\\/#\\\/schema\\\/logo\\\/image\\\/\",\"url\":\"https:\\\/\\\/valencialcor.com\\\/wp-content\\\/uploads\\\/2023\\\/12\\\/logoVC-2.png\",\"contentUrl\":\"https:\\\/\\\/valencialcor.com\\\/wp-content\\\/uploads\\\/2023\\\/12\\\/logoVC-2.png\",\"width\":247,\"height\":234,\"caption\":\"Valencia al cor\"},\"image\":{\"@id\":\"https:\\\/\\\/valencialcor.com\\\/#\\\/schema\\\/logo\\\/image\\\/\"}}]}<\/script>\n<!-- \/ Yoast SEO plugin. -->","yoast_head_json":{"title":"Avis juridique - Valencia al cor","robots":{"index":"index","follow":"follow","max-snippet":"max-snippet:-1","max-image-preview":"max-image-preview:large","max-video-preview":"max-video-preview:-1"},"canonical":"https:\/\/valencialcor.com\/fr\/avis-juridique\/","og_locale":"fr_FR","og_type":"article","og_title":"Avis juridique - Valencia al cor","og_description":"Avis juridique 1. Donn\u00e9es d&rsquo;identification Conform\u00e9ment \u00e0 l&rsquo;article 10 de la loi 34\/2002 du 11 juillet sur les services de la soci\u00e9t\u00e9 de l&rsquo;information et du commerce \u00e9lectronique, nous pr\u00e9sentons ci-dessous les donn\u00e9es d&rsquo;identification de notre entreprise : Valencia al cor \/ Eva Mar\u00eda Mart\u00ednez Sabater Si\u00e8ge social : C\/ San Francisco de Paula, 4-2&hellip; Poursuivre la lecture Avis juridique","og_url":"https:\/\/valencialcor.com\/fr\/avis-juridique\/","og_site_name":"Valencia al cor","article_modified_time":"2024-01-04T08:26:53+00:00","twitter_card":"summary_large_image","twitter_misc":{"Dur\u00e9e de lecture estim\u00e9e":"5 minutes"},"schema":{"@context":"https:\/\/schema.org","@graph":[{"@type":"WebPage","@id":"https:\/\/valencialcor.com\/fr\/avis-juridique\/","url":"https:\/\/valencialcor.com\/fr\/avis-juridique\/","name":"Avis juridique - Valencia al cor","isPartOf":{"@id":"https:\/\/valencialcor.com\/#website"},"datePublished":"2023-12-19T12:14:05+00:00","dateModified":"2024-01-04T08:26:53+00:00","breadcrumb":{"@id":"https:\/\/valencialcor.com\/fr\/avis-juridique\/#breadcrumb"},"inLanguage":"fr-FR","potentialAction":[{"@type":"ReadAction","target":["https:\/\/valencialcor.com\/fr\/avis-juridique\/"]}]},{"@type":"BreadcrumbList","@id":"https:\/\/valencialcor.com\/fr\/avis-juridique\/#breadcrumb","itemListElement":[{"@type":"ListItem","position":1,"name":"Portada","item":"https:\/\/valencialcor.com\/qui-suis-je\/"},{"@type":"ListItem","position":2,"name":"Avis juridique"}]},{"@type":"WebSite","@id":"https:\/\/valencialcor.com\/#website","url":"https:\/\/valencialcor.com\/","name":"Valencia al cor","description":"","publisher":{"@id":"https:\/\/valencialcor.com\/#organization"},"potentialAction":[{"@type":"SearchAction","target":{"@type":"EntryPoint","urlTemplate":"https:\/\/valencialcor.com\/?s={search_term_string}"},"query-input":{"@type":"PropertyValueSpecification","valueRequired":true,"valueName":"search_term_string"}}],"inLanguage":"fr-FR"},{"@type":"Organization","@id":"https:\/\/valencialcor.com\/#organization","name":"Valencia al cor","url":"https:\/\/valencialcor.com\/","logo":{"@type":"ImageObject","inLanguage":"fr-FR","@id":"https:\/\/valencialcor.com\/#\/schema\/logo\/image\/","url":"https:\/\/valencialcor.com\/wp-content\/uploads\/2023\/12\/logoVC-2.png","contentUrl":"https:\/\/valencialcor.com\/wp-content\/uploads\/2023\/12\/logoVC-2.png","width":247,"height":234,"caption":"Valencia al cor"},"image":{"@id":"https:\/\/valencialcor.com\/#\/schema\/logo\/image\/"}}]}},"_links":{"self":[{"href":"https:\/\/valencialcor.com\/fr\/wp-json\/wp\/v2\/pages\/1567","targetHints":{"allow":["GET"]}}],"collection":[{"href":"https:\/\/valencialcor.com\/fr\/wp-json\/wp\/v2\/pages"}],"about":[{"href":"https:\/\/valencialcor.com\/fr\/wp-json\/wp\/v2\/types\/page"}],"author":[{"embeddable":true,"href":"https:\/\/valencialcor.com\/fr\/wp-json\/wp\/v2\/users\/1"}],"replies":[{"embeddable":true,"href":"https:\/\/valencialcor.com\/fr\/wp-json\/wp\/v2\/comments?post=1567"}],"version-history":[{"count":1,"href":"https:\/\/valencialcor.com\/fr\/wp-json\/wp\/v2\/pages\/1567\/revisions"}],"predecessor-version":[{"id":1568,"href":"https:\/\/valencialcor.com\/fr\/wp-json\/wp\/v2\/pages\/1567\/revisions\/1568"}],"wp:attachment":[{"href":"https:\/\/valencialcor.com\/fr\/wp-json\/wp\/v2\/media?parent=1567"}],"curies":[{"name":"wp","href":"https:\/\/api.w.org\/{rel}","templated":true}]}}