{"id":1601,"date":"2023-12-19T12:22:12","date_gmt":"2023-12-19T12:22:12","guid":{"rendered":"https:\/\/valencialcor.com\/cookie-richtlinien\/"},"modified":"2024-01-04T10:06:57","modified_gmt":"2024-01-04T10:06:57","slug":"cookie-richtlinien","status":"publish","type":"page","link":"https:\/\/valencialcor.com\/de\/cookie-richtlinien\/","title":{"rendered":"Cookie-Richtlinien"},"content":{"rendered":"\t\t<div data-elementor-type=\"wp-page\" data-elementor-id=\"1601\" class=\"elementor elementor-1601 elementor-259\" data-elementor-post-type=\"page\">\n\t\t\t\t<div class=\"elementor-element elementor-element-5b926b86 e-flex e-con-boxed e-con e-parent\" data-id=\"5b926b86\" data-element_type=\"container\" data-e-type=\"container\">\n\t\t\t\t\t<div class=\"e-con-inner\">\n\t\t\t\t<div class=\"elementor-element elementor-element-a88caf0 elementor-widget elementor-widget-heading\" data-id=\"a88caf0\" data-element_type=\"widget\" data-e-type=\"widget\" data-widget_type=\"heading.default\">\n\t\t\t\t<div class=\"elementor-widget-container\">\n\t\t\t\t\t<h2 class=\"elementor-heading-title elementor-size-default\">Cookie-Richtlinien<\/h2>\t\t\t\t<\/div>\n\t\t\t\t<\/div>\n\t\t\t\t<div class=\"elementor-element elementor-element-65788aaa elementor-widget elementor-widget-text-editor\" data-id=\"65788aaa\" data-element_type=\"widget\" data-e-type=\"widget\" data-widget_type=\"text-editor.default\">\n\t\t\t\t<div class=\"elementor-widget-container\">\n\t\t\t\t\t\t\t\t\t\n<p><strong>a) Was sind Cookies?<\/strong><\/p>\n\n\n\n<p>Ein Cookie ist eine Datei, die auf Ihren Computer heruntergeladen wird, wenn Sie auf bestimmte Webseiten zugreifen. Cookies erm\u00f6glichen es einer Website unter anderem, Informationen \u00fcber die Surfgewohnheiten eines Benutzers oder seiner Ger\u00e4te zu speichern und abzurufen. Abh\u00e4ngig von den darin enthaltenen Informationen und der Art und Weise, wie Sie Ihre Ger\u00e4te verwenden, k\u00f6nnen sie zur Wiedererkennung des Benutzers verwendet werden.<\/p>\n\n\n\n<p><strong>b) Verwendung von Cookies:<\/strong><\/p>\n\n\n\n<p>Valencia al cor verwendet sogenannte Cookies und andere \u00e4hnliche Mechanismen, um Ihr Benutzererlebnis zu verbessern. Der Hauptzweck dieser kleinen Dateien besteht darin, einen schnelleren Zugriff auf die ausgew\u00e4hlten Dienste zu erm\u00f6glichen. Dar\u00fcber hinaus tragen Cookies dazu bei, die Dienste zu personalisieren, indem sie jedem Benutzer personalisierte Informationen entsprechend seinen Vorlieben und Interessen und je nach Nutzung der Dienste erm\u00f6glichen und anbieten.<\/p>\n\n\n\n<p>Wir personalisieren und erleichtern die Navigation auf unseren Seiten durch die Verwendung von Cookies. Diese Cookies werden mit anonymen Benutzern und ihrem Computer verkn\u00fcpft und stellen keinerlei personenbezogene Daten \u00fcber ihn bereit. Sie k\u00f6nnen Ihren Browser so konfigurieren, dass er Sie \u00fcber die Verwendung von Cookies informiert und diese ablehnt, wenn Sie dies w\u00fcnschen, ohne dass dadurch die Zugriffsm\u00f6glichkeit auf die Seite beeintr\u00e4chtigt wird. Allerdings kann dadurch die Qualit\u00e4t der Bedienung beeintr\u00e4chtigt werden.<\/p>\n\n\n\n<p>Dank Cookies profitieren registrierte Benutzer, die sich registrieren oder eingeloggt haben, von personalisierteren Diensten, die sich an ihrem Profil orientieren, unter Ber\u00fccksichtigung der zum Zeitpunkt der Registrierung gespeicherten Daten. Diese Benutzer genehmigen ausdr\u00fccklich die Verwendung dieser Informationen f\u00fcr den angegebenen Zweck, unbeschadet ihres Rechts, die Verwendung von Cookies abzulehnen oder zu deaktivieren.<\/p>\n\n\n\n<p><strong>c) Art, Zweck und Funktionsweise von Cookies:<\/strong><\/p>\n\n\n\n<p>Abh\u00e4ngig von der Verweildauer auf Ihrem Computer k\u00f6nnen Cookies in Sitzungscookies und permanente Cookies unterteilt werden. Sitzungscookies funktionieren nicht mehr, wenn Sie den Browser schlie\u00dfen. Letztere erl\u00f6schen je nach Zweckerf\u00fcllung oder manueller L\u00f6schung.<\/p>\n\n\n\n<p>Abh\u00e4ngig von ihrem Zweck k\u00f6nnen Cookies au\u00dferdem wie folgt klassifiziert werden:<\/p>\n\n\n\n<p>NAVIGATIONS-COOKIES: Diese Cookies helfen uns, Ihnen ein komfortables Surfen auf der Website zu erm\u00f6glichen und sind daf\u00fcr verantwortlich, dass Sie sich f\u00fcr einen unserer Zahlungspl\u00e4ne anmelden k\u00f6nnen.<\/p>\n\n\n\n<p>LEISTUNGSCOOKIES: Diese Art von Cookie speichert Ihre Pr\u00e4ferenzen f\u00fcr die in den Diensten gefundenen Tools, sodass Sie den Dienst nicht bei jedem Besuch neu konfigurieren m\u00fcssen. Zu dieser Typologie geh\u00f6ren beispielsweise:<\/p>\n\n\n\n<p>Lautst\u00e4rkeanpassungen f\u00fcr Video- oder Soundplayer.<\/p>\n\n\n\n<p>Die von Ihrem Browser unterst\u00fctzten Video\u00fcbertragungsgeschwindigkeiten.<\/p>\n\n\n\n<p>Bei Shops die im Warenkorb der E-Commerce-Dienste gespeicherten Objekte<\/p>\n\n\n\n<p>GEO-LOCATION-COOKIES: Diese Cookies werden verwendet, um herauszufinden, in welchem \u200b\u200bLand Sie sich befinden, wenn Sie einen Dienst anfordern. Dieses Cookie ist v\u00f6llig anonym und wird nur dazu verwendet, den Inhalt an Ihren Standort zu leiten und die Sprache auszuw\u00e4hlen, in der Sie den Inhalt anzeigen m\u00f6chten.<\/p>\n\n\n\n<p>REGISTRIERUNGS-COOKIES: Registrierungs-Cookies werden generiert, sobald sich der Benutzer registriert oder anschlie\u00dfend seine Sitzung ge\u00f6ffnet hat, und werden verwendet, um ihn in den Diensten f\u00fcr folgende Zwecke zu identifizieren:<\/p>\n\n\n\n<p>Sorgen Sie daf\u00fcr, dass der Benutzer identifiziert wird, damit er weiterhin identifiziert bleibt, wenn er einen Dienst, den Browser oder den Computer schlie\u00dft und den Dienst zu einem anderen Zeitpunkt oder an einem anderen Tag erneut aufruft, was die Navigation erleichtert, ohne dass er sich erneut identifizieren muss. Diese Funktionalit\u00e4t kann gel\u00f6scht werden, wenn der Benutzer auf die Abmeldefunktion klickt, sodass dieses Cookie gel\u00f6scht wird und sich der Benutzer beim n\u00e4chsten Betreten des Dienstes erneut anmelden muss, um identifiziert zu werden.<\/p>\n\n\n\n<p>\u00dcberpr\u00fcfen Sie, ob der Benutzer berechtigt ist, auf bestimmte Dienste zuzugreifen, beispielsweise um an einem Wettbewerb teilzunehmen.<\/p>\n\n\n\n<p>Dar\u00fcber hinaus verwenden einige Dienste m\u00f6glicherweise Verbindungen zu sozialen Netzwerken wie Facebook oder Twitter. Wenn sich der Benutzer bei einem Dienst mit Anmeldeinformationen eines sozialen Netzwerks registriert, autorisiert er das soziale Netzwerk, ein dauerhaftes Cookie zu speichern, das seine Identit\u00e4t speichert und den Zugriff auf die Dienste garantiert, bis er es verl\u00e4sst. Der Benutzer kann dieses Cookie l\u00f6schen und den Zugriff auf die Dienste \u00fcber soziale Netzwerke widerrufen, indem er seine Pr\u00e4ferenzen im jeweiligen sozialen Netzwerk aktualisiert.<\/p>\n\n\n\n<p>ANALYSE-COOKIES: Mit der Absicht, Ihnen stets einen guten Service zu gew\u00e4hrleisten, liefern uns diese Cookies anonyme Daten \u00fcber Ihr Surfverhalten und sammeln statistische Daten \u00fcber die Benutzeraktivit\u00e4t. Wir verwenden Google Analytics-Cookies und das bereitstellende Unternehmen ist Google INC.<\/p>\n\n\n\n<p>Jedes Mal, wenn ein Benutzer einen Dienst besucht, generiert ein Tool eines Drittanbieters (Omniture Inc, NetScope Inc und comScore Inc) ein analytisches Cookie auf dem Computer des Benutzers. Dieses Cookie, das nur w\u00e4hrend des Besuchs generiert wird, wird bei zuk\u00fcnftigen Besuchen der Dienste verwendet, um den Besucher anonym zu identifizieren. Die verfolgten Hauptziele sind:<\/p>\n\n\n\n<p>Erm\u00f6glichen die anonyme Identifizierung surfender Benutzer durch Cookies (identifiziert Browser und Ger\u00e4te, nicht Personen) und somit die ungef\u00e4hre Erfassung der Anzahl der Besucher und ihrer Entwicklung im Zeitverlauf.<\/p>\n\n\n\n<p>Identifizieren Sie anonym die am h\u00e4ufigsten besuchten und damit f\u00fcr Benutzer attraktivsten Inhalte<\/p>\n\n\n\n<p>Erfahren Sie, ob der Benutzer, der darauf zugreift, neu ist oder ihn wiederholt besucht.<\/p>\n\n\n\n<p>Wichtig: Sofern sich der Benutzer nicht dazu entschlie\u00dft, sich f\u00fcr einen Dienst zu registrieren, werden Cookies niemals mit personenbezogenen Daten verkn\u00fcpft, die ihn identifizieren k\u00f6nnten. Diese Cookies werden nur zu statistischen Zwecken verwendet, die dazu beitragen, das Benutzererlebnis auf der Website zu optimieren.<\/p>\n\n\n\n<p>ZOPIM-CHAT-COOKIES: Wir m\u00f6chten einen guten Kundenservice bieten und die Kommunikation erleichtern, um Ihre Fragen sofort \u00fcber unseren Chat zu l\u00f6sen (Anbieter: Zopim Technologies LTD.). Der Chat sammelt Benutzeraktivit\u00e4ten mit Informationen \u00fcber die besuchten Seiten, den Standort, den Browser, die Plattform, das Verbindungsger\u00e4t und die IP-Adresse.<\/p>\n\n\n\n<p>COOKIES VON DRITTANBIETERN:<\/p>\n\n\n\n<p><strong>De terceros:&nbsp;<\/strong>Hierbei handelt es sich um solche, die von einem Computer oder einer Dom\u00e4ne an das Endger\u00e4t des Benutzers gesendet werden, die nicht vom Herausgeber verwaltet wird, sondern von einer anderen Stelle, die die durch Cookies erhaltenen Daten verarbeitet.<\/p>\n\n\n\n<ul>\n<li>Cookies von sozialen Netzwerken:&nbsp;Die Website verwendet Cookies von Facebook, Twitter, Linkedin und Google Plus, damit der Benutzer Inhalte der Website in den oben genannten sozialen Netzwerken teilen kann oder um die Registrierung auf der Website zu erleichtern, damit er mit den von ihm bereitgestellten Benutzerdaten soziale Netzwerke direkt nutzen kann F\u00fcllen Sie die Felder des Registrierungsformulars im Internet aus.<\/li>\n\n\n\n<li>Tracking-Cookies: Die Website verwendet Tracking-Cookies&nbsp;Facebook (Eigentum von Facebook, Inc.) zur Messung der \u00fcber dieses soziale Netzwerk durchgef\u00fchrten Conversions. Diese Cookies werden verwendet, um Kunden, die diese sozialen Netzwerke nutzen, zum Zwecke der Analyse von Marktforschungsdaten zu verfolgen..&nbsp;Sie werden auch verwendet, um Ihnen Produkte oder Dienstleistungen anzuzeigen, an denen Sie Interesse gezeigt haben.&nbsp;<a href=\"https:\/\/www.facebook.com\/policies\/cookies\/\">https:\/\/www.facebook.com\/policies\/cookies<\/a>\/<\/li>\n\n\n\n<li>Cookies zur Messung des Traffics auf den Portalen:&nbsp;Die Website verwendet Cookies von Google Analitycs (Google geh\u00f6rt Alphabet Inc.), um statistische Daten \u00fcber die Benutzeraktivit\u00e4t auf der Website zu sammeln und auf diese Weise die den Benutzern bereitgestellten Dienste verbessern zu k\u00f6nnen. Diese Cookies erm\u00f6glichen die Analyse des Benutzerverkehrs durch die Generierung einer anonymen Benutzer-ID, mit der gemessen wird, wie oft ein Benutzer die Website besucht. Ebenso wird erfasst, wann Sie die Website zum ersten und letzten Mal besucht haben, wann eine Sitzung beendet wurde und woher der Benutzer stammt.&nbsp;<a href=\"https:\/\/support.google.com\/analytics\/answer\/6004245?hl=es\">https:\/\/support.google.com\/analytics\/answer\/6004245?hl=es<\/a><\/li>\n\n\n\n<li>Werbe-Cookies:&nbsp;Die Website verwendet Cookies, die von Drittunternehmen gespeichert werden, die die Bereiche verwalten, auf denen Werbung geschaltet wird. Mit diesen Cookies k\u00f6nnen wir die Wirksamkeit unserer Online-Kampagnen messen, Informationen zu Ihrem Interesse bereitstellen und Ihnen Werbeinhalte anbieten, die Ihren W\u00fcnschen entsprechen.&nbsp;<a href=\"https:\/\/support.google.com\/adsense\/answer\/2839090?hl=es\">https:\/\/support.google.com\/adsense\/answer\/2839090?hl=es<\/a><\/li>\n\n\n\n<li>Technische Cookies: Wir nutzen Zendesk, einen Chat-Dienst (Drittanbieter) von Zendesk Inc. Dadurch k\u00f6nnen wir in Echtzeit mit unseren Kunden sprechen. Dadurch werden zwei Cookies auf Ihrem Computer installiert. Diese helfen uns, Ihnen einen besseren Service zu bieten, da sie es uns erm\u00f6glichen, fr\u00fchere Konversationen wiederherzustellen und uns an Ihre Pr\u00e4ferenzen zu erinnern (z. B. dass Ihnen der Chat nicht mehr angezeigt wird, wenn Sie ihn minimiert haben). F\u00fcr weitere Informationen besuchen Sie&nbsp;<a href=\"https:\/\/www.zendesk.es\/company\/contact-info\/\">https:\/\/www.zendesk.es\/company\/contact-info\/<\/a><\/li>\n\n\n\n<li>&nbsp;<\/li>\n<\/ul>\n\n\n\n<p><strong>d) So deaktivieren Sie Cookies und Web Bugs in den wichtigsten Browsern:<\/strong><\/p>\n\n\n\n<p>Sie k\u00f6nnen auf Ihrem Computer installierte Cookies zulassen, blockieren oder l\u00f6schen, indem Sie die Optionen des auf Ihrem Computer installierten Browsers konfigurieren.<\/p>\n\n\n\n<p>Die meisten Webbrowser bieten die M\u00f6glichkeit, auf Ihrem Computer installierte Cookies zuzulassen, zu blockieren oder zu l\u00f6schen.<\/p>\n\n\n\n<p>Nachfolgend k\u00f6nnen Sie auf die Einstellungen der g\u00e4ngigsten Webbrowser zugreifen, um Cookies zu akzeptieren, zu installieren oder zu deaktivieren:<\/p>\n\n\n\n<p><a href=\"https:\/\/support.google.com\/chrome\/answer\/95647?hl=es\">Konfigurieren Sie Cookies in Google Chrome<\/a><\/p>\n\n\n\n<p><a href=\"https:\/\/support.microsoft.com\/es-es\/help\/17442\/windows-internet-explorer-delete-manage-cookies\">Konfigurieren Sie Cookies im Microsoft Internet Explorer<\/a><\/p>\n\n\n\n<p><a href=\"https:\/\/support.mozilla.org\/es\/kb\/habilitar-y-deshabilitar-cookies-sitios-web-rastrear-preferencias?redirectlocale=es&amp;redirectslug=habilitar-y-deshabilitar-cookies-que-los-sitios-we\">Konfigurieren Sie Cookies in Mozilla Firefox<\/a><\/p>\n\n\n\n<p><a href=\"https:\/\/support.apple.com\/es-es\/HT201265\">Cookies in Safari setzen (Apple)<\/a><\/p>\n\n\n\n<p><strong>e) Was passiert, wenn Cookies deaktiviert sind:<\/strong><\/p>\n\n\n\n<p>Damit Sie verstehen, welchen Umfang die Deaktivierung hat&nbsp;cookies&nbsp;Wir zeigen Ihnen einige Beispiele:<\/p>\n\n\n\n<ul>\n<li>Sie k\u00f6nnen keine Inhalte dieser Website auf Facebook, Twitter oder einem anderen sozialen Netzwerk teilen.<\/li>\n\n\n\n<li>Die Website ist nicht in der Lage, den Inhalt an Ihre pers\u00f6nlichen Vorlieben anzupassen, wie es bei Online-Shops h\u00e4ufig der Fall ist.<\/li>\n\n\n\n<li>Sie haben keinen Zugriff auf den pers\u00f6nlichen Bereich dieser Website, z. B.&nbsp;Mein Konto, oder&nbsp;Mein Profil oder&nbsp;Meine Befehle.<\/li>\n\n\n\n<li>Online-Shops: Es ist f\u00fcr Sie nicht m\u00f6glich, Eink\u00e4ufe online zu t\u00e4tigen. Sie m\u00fcssen diese telefonisch oder in einem physischen Gesch\u00e4ft (falls vorhanden) t\u00e4tigen.<\/li>\n\n\n\n<li>Es ist nicht m\u00f6glich, Ihre geografischen Pr\u00e4ferenzen wie Zeitzone, W\u00e4hrung oder Sprache anzupassen.<\/li>\n\n\n\n<li>Die Website wird nicht in der Lage sein, Webanalysen zu Besuchern und Verkehr auf der Website durchzuf\u00fchren, was die Wettbewerbsf\u00e4higkeit der Website erschwert.<\/li>\n\n\n\n<li>Sie k\u00f6nnen nicht auf dem Blog schreiben, keine Fotos hochladen, keine Kommentare posten, Inhalte bewerten oder bewerten. Die Website kann auch nicht erkennen, ob Sie ein Mensch oder eine automatisierte Anwendung sind, die ver\u00f6ffentlicht&nbsp;spam.<\/li>\n\n\n\n<li>Sektorisierte Werbung kann nicht angezeigt werden, wodurch sich die Werbeeinnahmen der Website verringern.<\/li>\n\n\n\n<li>Alle sozialen Netzwerke nutzen&nbsp;cookies. Wenn Sie sie deaktivieren, k\u00f6nnen Sie kein soziales Netzwerk nutzen.<\/li>\n\n\n\n<li>&nbsp;<\/li>\n<\/ul>\n\n\n\n<p><strong>AKTUALISIERUNGEN UND \u00c4NDERUNGEN IN DER DATENSCHUTZRICHTLINIE \/ COOKIES:<\/strong><\/p>\n\n\n\n<p>Valencia al cor kann diese Cookie-Richtlinie aufgrund gesetzlicher oder beh\u00f6rdlicher Anforderungen oder mit dem Ziel \u00e4ndern, diese Richtlinie an die Anweisungen der spanischen Datenschutzbeh\u00f6rde anzupassen. Daher wird den Benutzern empfohlen, sie regelm\u00e4\u00dfig einzusehen.<\/p>\n\n\n\n<p>Wenn wesentliche \u00c4nderungen in dieser Cookie-Richtlinie auftreten, werden diese den Benutzern entweder \u00fcber die Website oder per E-Mail an registrierte Benutzer mitgeteilt.<\/p>\n\t\t\t\t\t\t\t\t<\/div>\n\t\t\t\t<\/div>\n\t\t\t\t\t<\/div>\n\t\t\t\t<\/div>\n\t\t\t\t<\/div>\n\t\t","protected":false},"excerpt":{"rendered":"<p>Cookie-Richtlinien a) Was sind Cookies? Ein Cookie ist eine Datei, die auf Ihren Computer heruntergeladen wird, wenn Sie auf bestimmte Webseiten zugreifen. Cookies erm\u00f6glichen es einer Website unter anderem, Informationen \u00fcber die Surfgewohnheiten eines Benutzers oder seiner Ger\u00e4te zu speichern und abzurufen. Abh\u00e4ngig von den darin enthaltenen Informationen und der Art und Weise, wie Sie&hellip; <a class=\"more-link\" href=\"https:\/\/valencialcor.com\/de\/cookie-richtlinien\/\"><span class=\"screen-reader-text\">Cookie-Richtlinien<\/span> weiterlesen<\/a><\/p>\n","protected":false},"author":1,"featured_media":0,"parent":0,"menu_order":0,"comment_status":"closed","ping_status":"closed","template":"elementor_header_footer","meta":{"footnotes":""},"class_list":["post-1601","page","type-page","status-publish","hentry","entry"],"yoast_head":"<!-- This site is optimized with the Yoast SEO plugin v27.4 - https:\/\/yoast.com\/product\/yoast-seo-wordpress\/ -->\n<title>Cookie-Richtlinien - Valencia al cor<\/title>\n<meta name=\"robots\" content=\"index, follow, max-snippet:-1, max-image-preview:large, max-video-preview:-1\" \/>\n<link rel=\"canonical\" href=\"https:\/\/valencialcor.com\/de\/cookie-richtlinien\/\" \/>\n<meta property=\"og:locale\" content=\"de_DE\" \/>\n<meta property=\"og:type\" content=\"article\" \/>\n<meta property=\"og:title\" content=\"Cookie-Richtlinien - Valencia al cor\" \/>\n<meta property=\"og:description\" content=\"Cookie-Richtlinien a) Was sind Cookies? Ein Cookie ist eine Datei, die auf Ihren Computer heruntergeladen wird, wenn Sie auf bestimmte Webseiten zugreifen. Cookies erm\u00f6glichen es einer Website unter anderem, Informationen \u00fcber die Surfgewohnheiten eines Benutzers oder seiner Ger\u00e4te zu speichern und abzurufen. Abh\u00e4ngig von den darin enthaltenen Informationen und der Art und Weise, wie Sie&hellip; Cookie-Richtlinien weiterlesen\" \/>\n<meta property=\"og:url\" content=\"https:\/\/valencialcor.com\/de\/cookie-richtlinien\/\" \/>\n<meta property=\"og:site_name\" content=\"Valencia al cor\" \/>\n<meta property=\"article:modified_time\" content=\"2024-01-04T10:06:57+00:00\" \/>\n<meta name=\"twitter:card\" content=\"summary_large_image\" \/>\n<meta name=\"twitter:label1\" content=\"Gesch\u00e4tzte Lesezeit\" \/>\n\t<meta name=\"twitter:data1\" content=\"9\u00a0Minuten\" \/>\n<script type=\"application\/ld+json\" class=\"yoast-schema-graph\">{\"@context\":\"https:\\\/\\\/schema.org\",\"@graph\":[{\"@type\":\"WebPage\",\"@id\":\"https:\\\/\\\/valencialcor.com\\\/de\\\/cookie-richtlinien\\\/\",\"url\":\"https:\\\/\\\/valencialcor.com\\\/de\\\/cookie-richtlinien\\\/\",\"name\":\"Cookie-Richtlinien - Valencia al cor\",\"isPartOf\":{\"@id\":\"https:\\\/\\\/valencialcor.com\\\/#website\"},\"datePublished\":\"2023-12-19T12:22:12+00:00\",\"dateModified\":\"2024-01-04T10:06:57+00:00\",\"breadcrumb\":{\"@id\":\"https:\\\/\\\/valencialcor.com\\\/de\\\/cookie-richtlinien\\\/#breadcrumb\"},\"inLanguage\":\"de\",\"potentialAction\":[{\"@type\":\"ReadAction\",\"target\":[\"https:\\\/\\\/valencialcor.com\\\/de\\\/cookie-richtlinien\\\/\"]}]},{\"@type\":\"BreadcrumbList\",\"@id\":\"https:\\\/\\\/valencialcor.com\\\/de\\\/cookie-richtlinien\\\/#breadcrumb\",\"itemListElement\":[{\"@type\":\"ListItem\",\"position\":1,\"name\":\"Portada\",\"item\":\"https:\\\/\\\/valencialcor.com\\\/wer-bin-ich\\\/\"},{\"@type\":\"ListItem\",\"position\":2,\"name\":\"Cookie-Richtlinien\"}]},{\"@type\":\"WebSite\",\"@id\":\"https:\\\/\\\/valencialcor.com\\\/#website\",\"url\":\"https:\\\/\\\/valencialcor.com\\\/\",\"name\":\"Valencia al cor\",\"description\":\"\",\"publisher\":{\"@id\":\"https:\\\/\\\/valencialcor.com\\\/#organization\"},\"potentialAction\":[{\"@type\":\"SearchAction\",\"target\":{\"@type\":\"EntryPoint\",\"urlTemplate\":\"https:\\\/\\\/valencialcor.com\\\/?s={search_term_string}\"},\"query-input\":{\"@type\":\"PropertyValueSpecification\",\"valueRequired\":true,\"valueName\":\"search_term_string\"}}],\"inLanguage\":\"de\"},{\"@type\":\"Organization\",\"@id\":\"https:\\\/\\\/valencialcor.com\\\/#organization\",\"name\":\"Valencia al cor\",\"url\":\"https:\\\/\\\/valencialcor.com\\\/\",\"logo\":{\"@type\":\"ImageObject\",\"inLanguage\":\"de\",\"@id\":\"https:\\\/\\\/valencialcor.com\\\/#\\\/schema\\\/logo\\\/image\\\/\",\"url\":\"https:\\\/\\\/valencialcor.com\\\/wp-content\\\/uploads\\\/2023\\\/12\\\/logoVC-2.png\",\"contentUrl\":\"https:\\\/\\\/valencialcor.com\\\/wp-content\\\/uploads\\\/2023\\\/12\\\/logoVC-2.png\",\"width\":247,\"height\":234,\"caption\":\"Valencia al cor\"},\"image\":{\"@id\":\"https:\\\/\\\/valencialcor.com\\\/#\\\/schema\\\/logo\\\/image\\\/\"}}]}<\/script>\n<!-- \/ Yoast SEO plugin. -->","yoast_head_json":{"title":"Cookie-Richtlinien - Valencia al cor","robots":{"index":"index","follow":"follow","max-snippet":"max-snippet:-1","max-image-preview":"max-image-preview:large","max-video-preview":"max-video-preview:-1"},"canonical":"https:\/\/valencialcor.com\/de\/cookie-richtlinien\/","og_locale":"de_DE","og_type":"article","og_title":"Cookie-Richtlinien - Valencia al cor","og_description":"Cookie-Richtlinien a) Was sind Cookies? Ein Cookie ist eine Datei, die auf Ihren Computer heruntergeladen wird, wenn Sie auf bestimmte Webseiten zugreifen. Cookies erm\u00f6glichen es einer Website unter anderem, Informationen \u00fcber die Surfgewohnheiten eines Benutzers oder seiner Ger\u00e4te zu speichern und abzurufen. Abh\u00e4ngig von den darin enthaltenen Informationen und der Art und Weise, wie Sie&hellip; Cookie-Richtlinien weiterlesen","og_url":"https:\/\/valencialcor.com\/de\/cookie-richtlinien\/","og_site_name":"Valencia al cor","article_modified_time":"2024-01-04T10:06:57+00:00","twitter_card":"summary_large_image","twitter_misc":{"Gesch\u00e4tzte Lesezeit":"9\u00a0Minuten"},"schema":{"@context":"https:\/\/schema.org","@graph":[{"@type":"WebPage","@id":"https:\/\/valencialcor.com\/de\/cookie-richtlinien\/","url":"https:\/\/valencialcor.com\/de\/cookie-richtlinien\/","name":"Cookie-Richtlinien - Valencia al cor","isPartOf":{"@id":"https:\/\/valencialcor.com\/#website"},"datePublished":"2023-12-19T12:22:12+00:00","dateModified":"2024-01-04T10:06:57+00:00","breadcrumb":{"@id":"https:\/\/valencialcor.com\/de\/cookie-richtlinien\/#breadcrumb"},"inLanguage":"de","potentialAction":[{"@type":"ReadAction","target":["https:\/\/valencialcor.com\/de\/cookie-richtlinien\/"]}]},{"@type":"BreadcrumbList","@id":"https:\/\/valencialcor.com\/de\/cookie-richtlinien\/#breadcrumb","itemListElement":[{"@type":"ListItem","position":1,"name":"Portada","item":"https:\/\/valencialcor.com\/wer-bin-ich\/"},{"@type":"ListItem","position":2,"name":"Cookie-Richtlinien"}]},{"@type":"WebSite","@id":"https:\/\/valencialcor.com\/#website","url":"https:\/\/valencialcor.com\/","name":"Valencia al cor","description":"","publisher":{"@id":"https:\/\/valencialcor.com\/#organization"},"potentialAction":[{"@type":"SearchAction","target":{"@type":"EntryPoint","urlTemplate":"https:\/\/valencialcor.com\/?s={search_term_string}"},"query-input":{"@type":"PropertyValueSpecification","valueRequired":true,"valueName":"search_term_string"}}],"inLanguage":"de"},{"@type":"Organization","@id":"https:\/\/valencialcor.com\/#organization","name":"Valencia al cor","url":"https:\/\/valencialcor.com\/","logo":{"@type":"ImageObject","inLanguage":"de","@id":"https:\/\/valencialcor.com\/#\/schema\/logo\/image\/","url":"https:\/\/valencialcor.com\/wp-content\/uploads\/2023\/12\/logoVC-2.png","contentUrl":"https:\/\/valencialcor.com\/wp-content\/uploads\/2023\/12\/logoVC-2.png","width":247,"height":234,"caption":"Valencia al cor"},"image":{"@id":"https:\/\/valencialcor.com\/#\/schema\/logo\/image\/"}}]}},"_links":{"self":[{"href":"https:\/\/valencialcor.com\/de\/wp-json\/wp\/v2\/pages\/1601","targetHints":{"allow":["GET"]}}],"collection":[{"href":"https:\/\/valencialcor.com\/de\/wp-json\/wp\/v2\/pages"}],"about":[{"href":"https:\/\/valencialcor.com\/de\/wp-json\/wp\/v2\/types\/page"}],"author":[{"embeddable":true,"href":"https:\/\/valencialcor.com\/de\/wp-json\/wp\/v2\/users\/1"}],"replies":[{"embeddable":true,"href":"https:\/\/valencialcor.com\/de\/wp-json\/wp\/v2\/comments?post=1601"}],"version-history":[{"count":7,"href":"https:\/\/valencialcor.com\/de\/wp-json\/wp\/v2\/pages\/1601\/revisions"}],"predecessor-version":[{"id":1608,"href":"https:\/\/valencialcor.com\/de\/wp-json\/wp\/v2\/pages\/1601\/revisions\/1608"}],"wp:attachment":[{"href":"https:\/\/valencialcor.com\/de\/wp-json\/wp\/v2\/media?parent=1601"}],"curies":[{"name":"wp","href":"https:\/\/api.w.org\/{rel}","templated":true}]}}