{"id":1581,"date":"2023-12-19T12:16:05","date_gmt":"2023-12-19T12:16:05","guid":{"rendered":"https:\/\/valencialcor.com\/datenschutzrichtlinie\/"},"modified":"2024-01-04T09:08:48","modified_gmt":"2024-01-04T09:08:48","slug":"datenschutzrichtlinie","status":"publish","type":"page","link":"https:\/\/valencialcor.com\/de\/datenschutzrichtlinie\/","title":{"rendered":"Datenschutzrichtlinie"},"content":{"rendered":"\t\t<div data-elementor-type=\"wp-page\" data-elementor-id=\"1581\" class=\"elementor elementor-1581 elementor-243\" data-elementor-post-type=\"page\">\n\t\t\t\t<div class=\"elementor-element elementor-element-20c38fa4 e-flex e-con-boxed e-con e-parent\" data-id=\"20c38fa4\" data-element_type=\"container\" data-e-type=\"container\">\n\t\t\t\t\t<div class=\"e-con-inner\">\n\t\t\t\t<div class=\"elementor-element elementor-element-55c2bf6 elementor-widget elementor-widget-heading\" data-id=\"55c2bf6\" data-element_type=\"widget\" data-e-type=\"widget\" data-widget_type=\"heading.default\">\n\t\t\t\t<div class=\"elementor-widget-container\">\n\t\t\t\t\t<h2 class=\"elementor-heading-title elementor-size-default\">Datenschutzrichtlinie<\/h2>\t\t\t\t<\/div>\n\t\t\t\t<\/div>\n\t\t\t\t<div class=\"elementor-element elementor-element-12186286 elementor-widget elementor-widget-text-editor\" data-id=\"12186286\" data-element_type=\"widget\" data-e-type=\"widget\" data-widget_type=\"text-editor.default\">\n\t\t\t\t<div class=\"elementor-widget-container\">\n\t\t\t\t\t\t\t\t\t\n<p>I. INFORMATIONEN IN \u00dcBEREINSTIMMUNG MIT DEN BESTIMMUNGEN DES GESETZES 34\/2002 VOM 11. JULI \u00dcBER DIENSTE DER INFORMATIONSGESELLSCHAFT UND ELEKTRONISCHEN HANDEL<\/p>\n\n<p><br>In \u00dcbereinstimmung mit den Bestimmungen von Artikel 10 des Gesetzes 34\/2002 vom 11. Juli \u00fcber Dienste der Informationsgesellschaft und elektronischen Handel (im Folgenden LSSI-CE) werden die Informationen sowohl den Empf\u00e4ngern des Dienstes als auch den Empf\u00e4ngern des Dienstes ausdr\u00fccklich, pr\u00e4zise und eindeutig zur Verf\u00fcgung gestellt die zust\u00e4ndigen Stellen \u00fcber die folgenden Aspekte im Zusammenhang mit dem Anbieter von Diensten der Informationsgesellschaft:<\/p>\n\n<p>FIRMENNAME: Valencia al cor<\/p>\n\n<p>CIF: 20149112P <br>ADRESSE: C\/ San Francisco de Paula, 4-2 Valencia 46024<br>TEL. 670-826659<br>EMAIL: evamyo@yahoo.de<\/p>\n\n<p><br>II. INFORMATIONEN IN \u00dcBEREINSTIMMUNG MIT DEN VORSCHRIFTEN ZUM SCHUTZ PERSONENBEZOGENER DATEN<\/p>\n\n<p>In Europa und Spanien gibt es Datenschutzbestimmungen zum Schutz Ihrer pers\u00f6nlichen Daten, die f\u00fcr unser Unternehmen verbindlich sind.<br>Daher ist es f\u00fcr uns sehr wichtig, dass Sie vollst\u00e4ndig verstehen, was wir mit den von uns abgefragten personenbezogenen Daten tun. Auf diese Weise sind wir transparent und geben Ihnen die Kontrolle \u00fcber Ihre Daten, mit einfacher Sprache und klaren Optionen, die es Ihnen erm\u00f6glichen, zu entscheiden, was wir mit Ihren pers\u00f6nlichen Daten tun.<br>Wenn Sie nach dem Lesen dieser Informationen Fragen haben, z\u00f6gern Sie bitte nicht, uns diese zu stellen.<br>Vielen Dank f\u00fcr Ihre Hilfe.<\/p>\n\n<p><br>1. Kontaktieren Sie unseren Datenschutzbeauftragten<\/p>\n\n<p>Wussten Sie, dass wir in unserem Unternehmen einen Datenschutzbeauftragten haben, an den Sie alle Ihre Beschwerden, Zweifel und Vorschl\u00e4ge bez\u00fcglich der Verwendung Ihrer pers\u00f6nlichen Daten richten k\u00f6nnen?<br>\u2022 Kontakttelefonnummer: 670-826659<br>\u2022 Kontakt-E-Mail-Adresse: evamyo@yahoo.de<\/p>\n\n<p>2. Wof\u00fcr werden wir Ihre Daten verwenden?<br>Im Allgemeinen werden Ihre personenbezogenen Daten verwendet, um mit Ihnen interagieren zu k\u00f6nnen, Ihnen unsere Dienste bereitzustellen und auf die Anfragen zu antworten, die Sie \u00fcber die Formulare auf unserer Website an uns gerichtet haben.<br>Ebenso k\u00f6nnen sie auch f\u00fcr andere Aktivit\u00e4ten genutzt werden, etwa um Ihnen Werbung zuzusenden oder unsere Aktivit\u00e4ten zu bewerben.<\/p>\n\n<p>3. Warum m\u00fcssen wir Ihre Daten verwenden?<br>Ihre personenbezogenen Daten sind erforderlich, um mit Ihnen interagieren und Ihnen unsere Dienste anbieten zu k\u00f6nnen, was uns erlaubt, Ihre Daten im Rahmen des Gesetzes zu verwenden.<br>Es gibt jedoch Situationen, in denen wir f\u00fcr die Durchf\u00fchrung bestimmter Aktivit\u00e4ten Ihre vorherige Zustimmung ben\u00f6tigen, beispielsweise um Ihnen Werbung zusenden oder Ihr Bild im Internet ver\u00f6ffentlichen zu k\u00f6nnen. Zu diesem Zweck stellen wir Ihnen eine Reihe von Feldern zur Verf\u00fcgung, die es Ihnen erm\u00f6glichen, klar und einfach \u00fcber die Verwendung Ihrer pers\u00f6nlichen Daten zu entscheiden.<\/p>\n\n<p>4. Wer wird die von uns angeforderten Informationen erfahren?<br>Im Allgemeinen d\u00fcrfen nur ordnungsgem\u00e4\u00df autorisierte Mitarbeiter unseres Unternehmens Kenntnis von den von uns angeforderten Informationen haben.<br>Ebenso k\u00f6nnen diejenigen Unternehmen Kenntnis von Ihren personenbezogenen Daten haben, die Zugriff darauf ben\u00f6tigen, damit wir unsere Dienstleistungen erbringen k\u00f6nnen.<br>Beispielsweise erh\u00e4lt unsere Bank Kenntnis von Ihren Daten, wenn die Bezahlung unserer Leistungen per Karte oder Bank\u00fcberweisung erfolgt.<br>Ebenso haben diejenigen \u00f6ffentlichen oder privaten Stellen Kenntnis von Ihren Daten, denen wir aufgrund gesetzlicher Vorschriften Ihre personenbezogenen Daten zur Verf\u00fcgung stellen m\u00fcssen. Um Ihnen ein Beispiel zu nennen: Das Steuergesetz verlangt, dass der Steuerbeh\u00f6rde bestimmte Informationen \u00fcber wirtschaftliche Vorg\u00e4nge bereitgestellt werden, die einen bestimmten Betrag \u00fcberschreiten.<br>F\u00fcr den Fall, dass wir, abgesehen von den oben genannten Annahmen, Ihre personenbezogenen Daten an andere Unternehmen weitergeben m\u00fcssen, werden wir zuvor Ihre Zustimmung durch klare Optionen einholen, die es Ihnen erm\u00f6glichen, diesbez\u00fcglich zu entscheiden.<\/p>\n\n<p>5. Wie sch\u00fctzen wir Ihre Daten?<br>Wir werden Ihre Daten mit wirksamen Sicherheitsma\u00dfnahmen sch\u00fctzen, die auf den Risiken basieren, die mit der Verwendung Ihrer Daten verbunden sind.<br>Zu diesem Zweck hat unser Unternehmen eine Datenschutzrichtlinie verabschiedet und es werden j\u00e4hrliche Kontrollen und Pr\u00fcfungen durchgef\u00fchrt, um sicherzustellen, dass Ihre personenbezogenen Daten jederzeit sicher sind.<\/p>\n\n<p>6. Werden wir Ihre Daten in andere L\u00e4nder \u00fcbermitteln?<br>Auf der Welt gibt es L\u00e4nder, die f\u00fcr ihre Daten sicher sind, und andere, die nicht so sicher sind. Beispielsweise ist die Europ\u00e4ische Union eine sichere Umgebung f\u00fcr Ihre Daten. Unser Grundsatz besteht darin, Ihre personenbezogenen Daten nicht in ein Land zu \u00fcbermitteln, das aus datenschutzrechtlicher Sicht nicht sicher ist.<\/p>\n\n<p><br>F\u00fcr den Fall, dass es f\u00fcr die Bereitstellung des Dienstes unerl\u00e4sslich ist, Ihre Daten in ein Land zu senden, das nicht so sicher ist wie Spanien, werden wir immer im Voraus Ihre Erlaubnis einholen und wirksame Sicherheitsma\u00dfnahmen anwenden, die die Risiken verringern Senden Ihrer Informationen. Personal in ein anderes Land.<\/p>\n\n<p>7. Wie lange werden wir Ihre Daten aufbewahren?<br>Wir bewahren Ihre Daten f\u00fcr die Dauer unserer Beziehung und so lange auf, wie wir gesetzlich dazu verpflichtet sind. Nach Ablauf der geltenden gesetzlichen Fristen werden wir diese auf sichere und umweltfreundliche Weise entsorgen.<\/p>\n\n<p>8. Welche Datenschutzrechte haben Sie?<br>Sie k\u00f6nnen uns jederzeit kontaktieren, um herauszufinden, welche Informationen wir \u00fcber Sie haben, sie zu berichtigen, wenn sie falsch sind, und sie nach Beendigung unserer Beziehung zu l\u00f6schen, sofern dies rechtlich m\u00f6glich ist.<br>Sie haben au\u00dferdem das Recht, die \u00dcbermittlung Ihrer Daten an ein anderes Unternehmen zu verlangen. Dieses Recht wird \u201ePortabilit\u00e4t\u201c genannt und kann in bestimmten Situationen n\u00fctzlich sein.<\/p>\n\n<p><br>Um eines dieser Rechte in Anspruch zu nehmen, m\u00fcssen Sie eine schriftliche Anfrage an unsere Adresse richten und eine Fotokopie Ihres Personalausweises beif\u00fcgen, um Ihre Identit\u00e4t identifizieren zu k\u00f6nnen.<\/p>\n\n<p><br>In den B\u00fcros unseres Unternehmens verf\u00fcgen wir \u00fcber spezielle Formulare zur Beantragung dieser Rechte und bieten unsere Hilfe bei deren Ausf\u00fcllung an.<\/p>\n\n<p><br>Um mehr \u00fcber Ihre Datenschutzrechte zu erfahren, k\u00f6nnen Sie die Website der spanischen Datenschutzbeh\u00f6rde (www.agpd.es) konsultieren.<\/p>\n\n<p>9. K\u00f6nnen Sie Ihre Einwilligung widerrufen, wenn Sie Ihre Meinung zu einem sp\u00e4teren Zeitpunkt \u00e4ndern?<br>Sie k\u00f6nnen Ihre Einwilligung jederzeit widerrufen, wenn Sie Ihre Meinung \u00fcber die Verwendung Ihrer Daten \u00e4ndern.<br>Wenn Sie beispielsweise einmal daran interessiert waren, Werbung f\u00fcr unsere Produkte oder Dienstleistungen zu erhalten, aber keine weitere Werbung mehr erhalten m\u00f6chten, k\u00f6nnen Sie uns dies mitteilen, indem Sie das Widerspruchsformular verwenden, das in den B\u00fcros unseres Unternehmens erh\u00e4ltlich ist.<\/p>\n\n<p>10. Wenn Sie glauben, dass Ihre Rechte missachtet wurden, wo k\u00f6nnen Sie eine Beschwerde einreichen?<br>Wenn Sie feststellen, dass Ihre Rechte von unserem Unternehmen verletzt wurden, k\u00f6nnen Sie bei der spanischen Datenschutzbeh\u00f6rde auf eine der folgenden Weisen eine Klage einreichen:<\/p>\n\n<p><br>\u2022 Elektronisches B\u00fcro: www.agpd.es<br>\u2022 Postanschrift: Spanische Datenschutzbeh\u00f6rde C\/ Jorge Juan, 6 28001-Madrid<br>\u2022 Via telef\u00f3nica:<br>\u25e6 Telf. 901 100 099<br>\u25e6 Telf. 91 266 35 17<\/p>\n\n<p><br>Die Einreichung einer Klage bei der spanischen Datenschutzbeh\u00f6rde ist mit keinen Kosten verbunden und die Unterst\u00fctzung eines Anwalts oder Anwalts ist nicht erforderlich.<\/p>\n\n<p>11. Werden wir Sie profilieren?<br>Unsere Richtlinie besteht darin, keine Profile \u00fcber die Nutzer unserer Dienste zu erstellen.<br>Es kann jedoch Situationen geben, in denen wir zur Erbringung von Dienstleistungen, zu kommerziellen oder anderen Zwecken Profilinformationen \u00fcber Sie ben\u00f6tigen. Ein Beispiel k\u00f6nnte die Nutzung Ihrer Kauf- oder Servicehistorie sein, um Ihnen Produkte oder Dienstleistungen anbieten zu k\u00f6nnen, die an Ihren Geschmack oder Ihre Bed\u00fcrfnisse angepasst sind.<br>In diesem Fall werden wir Sie stets im Voraus informieren und wirksame Sicherheitsma\u00dfnahmen ergreifen, um Ihre Daten jederzeit vor unbefugten Personen zu sch\u00fctzen, die diese zum eigenen Vorteil ausnutzen wollen.<\/p>\n\n<p><br>12. Werden wir Ihre Daten f\u00fcr andere Zwecke verwenden?<br>Es ist unsere Politik, Ihre Daten nicht f\u00fcr andere Zwecke als die, die wir Ihnen erkl\u00e4rt haben, zu verwenden. Wenn wir Ihre Daten jedoch f\u00fcr verschiedene Aktivit\u00e4ten verwenden m\u00fcssen, werden wir Sie immer im Voraus um Ihre Zustimmung bitten, indem wir Ihnen klare Optionen zur Verf\u00fcgung stellen, die Ihnen die Entscheidung erm\u00f6glichen.<\/p>\n\n<p>  13. Qualit\u00e4t der verarbeiteten Daten<\/p>\n\n<p>Unser Grundsatz besteht darin, keine Daten von Personen unter dreizehn Jahren zu sammeln. F\u00fcr den Fall, dass eine Person unter dreizehn Jahren uns ihre Daten zur Verf\u00fcgung stellt, werden wir deren sofortige Vernichtung veranlassen.<br>Sie d\u00fcrfen uns keine falschen Daten oder Daten Dritter ohne deren Zustimmung \u00fcbermitteln. Sie sind f\u00fcr die Richtigkeit und Genauigkeit der bereitgestellten Daten verantwortlich.<\/p>\n\t\t\t\t\t\t\t\t<\/div>\n\t\t\t\t<\/div>\n\t\t\t\t\t<\/div>\n\t\t\t\t<\/div>\n\t\t\t\t<\/div>\n\t\t","protected":false},"excerpt":{"rendered":"<p>Datenschutzrichtlinie I. INFORMATIONEN IN \u00dcBEREINSTIMMUNG MIT DEN BESTIMMUNGEN DES GESETZES 34\/2002 VOM 11. JULI \u00dcBER DIENSTE DER INFORMATIONSGESELLSCHAFT UND ELEKTRONISCHEN HANDEL In \u00dcbereinstimmung mit den Bestimmungen von Artikel 10 des Gesetzes 34\/2002 vom 11. Juli \u00fcber Dienste der Informationsgesellschaft und elektronischen Handel (im Folgenden LSSI-CE) werden die Informationen sowohl den Empf\u00e4ngern des Dienstes als auch&hellip; <a class=\"more-link\" href=\"https:\/\/valencialcor.com\/de\/datenschutzrichtlinie\/\"><span class=\"screen-reader-text\">Datenschutzrichtlinie<\/span> weiterlesen<\/a><\/p>\n","protected":false},"author":1,"featured_media":0,"parent":0,"menu_order":0,"comment_status":"closed","ping_status":"closed","template":"elementor_header_footer","meta":{"footnotes":""},"class_list":["post-1581","page","type-page","status-publish","hentry","entry"],"yoast_head":"<!-- This site is optimized with the Yoast SEO plugin v27.4 - https:\/\/yoast.com\/product\/yoast-seo-wordpress\/ -->\n<title>Datenschutzrichtlinie - Valencia al cor<\/title>\n<meta name=\"robots\" content=\"index, follow, max-snippet:-1, max-image-preview:large, max-video-preview:-1\" \/>\n<link rel=\"canonical\" href=\"https:\/\/valencialcor.com\/de\/datenschutzrichtlinie\/\" \/>\n<meta property=\"og:locale\" content=\"de_DE\" \/>\n<meta property=\"og:type\" content=\"article\" \/>\n<meta property=\"og:title\" content=\"Datenschutzrichtlinie - Valencia al cor\" \/>\n<meta property=\"og:description\" content=\"Datenschutzrichtlinie I. INFORMATIONEN IN \u00dcBEREINSTIMMUNG MIT DEN BESTIMMUNGEN DES GESETZES 34\/2002 VOM 11. JULI \u00dcBER DIENSTE DER INFORMATIONSGESELLSCHAFT UND ELEKTRONISCHEN HANDEL In \u00dcbereinstimmung mit den Bestimmungen von Artikel 10 des Gesetzes 34\/2002 vom 11. Juli \u00fcber Dienste der Informationsgesellschaft und elektronischen Handel (im Folgenden LSSI-CE) werden die Informationen sowohl den Empf\u00e4ngern des Dienstes als auch&hellip; Datenschutzrichtlinie weiterlesen\" \/>\n<meta property=\"og:url\" content=\"https:\/\/valencialcor.com\/de\/datenschutzrichtlinie\/\" \/>\n<meta property=\"og:site_name\" content=\"Valencia al cor\" \/>\n<meta property=\"article:modified_time\" content=\"2024-01-04T09:08:48+00:00\" \/>\n<meta name=\"twitter:card\" content=\"summary_large_image\" \/>\n<meta name=\"twitter:label1\" content=\"Gesch\u00e4tzte Lesezeit\" \/>\n\t<meta name=\"twitter:data1\" content=\"7\u00a0Minuten\" \/>\n<script type=\"application\/ld+json\" class=\"yoast-schema-graph\">{\"@context\":\"https:\\\/\\\/schema.org\",\"@graph\":[{\"@type\":\"WebPage\",\"@id\":\"https:\\\/\\\/valencialcor.com\\\/de\\\/datenschutzrichtlinie\\\/\",\"url\":\"https:\\\/\\\/valencialcor.com\\\/de\\\/datenschutzrichtlinie\\\/\",\"name\":\"Datenschutzrichtlinie - Valencia al cor\",\"isPartOf\":{\"@id\":\"https:\\\/\\\/valencialcor.com\\\/#website\"},\"datePublished\":\"2023-12-19T12:16:05+00:00\",\"dateModified\":\"2024-01-04T09:08:48+00:00\",\"breadcrumb\":{\"@id\":\"https:\\\/\\\/valencialcor.com\\\/de\\\/datenschutzrichtlinie\\\/#breadcrumb\"},\"inLanguage\":\"de\",\"potentialAction\":[{\"@type\":\"ReadAction\",\"target\":[\"https:\\\/\\\/valencialcor.com\\\/de\\\/datenschutzrichtlinie\\\/\"]}]},{\"@type\":\"BreadcrumbList\",\"@id\":\"https:\\\/\\\/valencialcor.com\\\/de\\\/datenschutzrichtlinie\\\/#breadcrumb\",\"itemListElement\":[{\"@type\":\"ListItem\",\"position\":1,\"name\":\"Portada\",\"item\":\"https:\\\/\\\/valencialcor.com\\\/wer-bin-ich\\\/\"},{\"@type\":\"ListItem\",\"position\":2,\"name\":\"Datenschutzrichtlinie\"}]},{\"@type\":\"WebSite\",\"@id\":\"https:\\\/\\\/valencialcor.com\\\/#website\",\"url\":\"https:\\\/\\\/valencialcor.com\\\/\",\"name\":\"Valencia al cor\",\"description\":\"\",\"publisher\":{\"@id\":\"https:\\\/\\\/valencialcor.com\\\/#organization\"},\"potentialAction\":[{\"@type\":\"SearchAction\",\"target\":{\"@type\":\"EntryPoint\",\"urlTemplate\":\"https:\\\/\\\/valencialcor.com\\\/?s={search_term_string}\"},\"query-input\":{\"@type\":\"PropertyValueSpecification\",\"valueRequired\":true,\"valueName\":\"search_term_string\"}}],\"inLanguage\":\"de\"},{\"@type\":\"Organization\",\"@id\":\"https:\\\/\\\/valencialcor.com\\\/#organization\",\"name\":\"Valencia al cor\",\"url\":\"https:\\\/\\\/valencialcor.com\\\/\",\"logo\":{\"@type\":\"ImageObject\",\"inLanguage\":\"de\",\"@id\":\"https:\\\/\\\/valencialcor.com\\\/#\\\/schema\\\/logo\\\/image\\\/\",\"url\":\"https:\\\/\\\/valencialcor.com\\\/wp-content\\\/uploads\\\/2023\\\/12\\\/logoVC-2.png\",\"contentUrl\":\"https:\\\/\\\/valencialcor.com\\\/wp-content\\\/uploads\\\/2023\\\/12\\\/logoVC-2.png\",\"width\":247,\"height\":234,\"caption\":\"Valencia al cor\"},\"image\":{\"@id\":\"https:\\\/\\\/valencialcor.com\\\/#\\\/schema\\\/logo\\\/image\\\/\"}}]}<\/script>\n<!-- \/ Yoast SEO plugin. -->","yoast_head_json":{"title":"Datenschutzrichtlinie - Valencia al cor","robots":{"index":"index","follow":"follow","max-snippet":"max-snippet:-1","max-image-preview":"max-image-preview:large","max-video-preview":"max-video-preview:-1"},"canonical":"https:\/\/valencialcor.com\/de\/datenschutzrichtlinie\/","og_locale":"de_DE","og_type":"article","og_title":"Datenschutzrichtlinie - Valencia al cor","og_description":"Datenschutzrichtlinie I. INFORMATIONEN IN \u00dcBEREINSTIMMUNG MIT DEN BESTIMMUNGEN DES GESETZES 34\/2002 VOM 11. JULI \u00dcBER DIENSTE DER INFORMATIONSGESELLSCHAFT UND ELEKTRONISCHEN HANDEL In \u00dcbereinstimmung mit den Bestimmungen von Artikel 10 des Gesetzes 34\/2002 vom 11. Juli \u00fcber Dienste der Informationsgesellschaft und elektronischen Handel (im Folgenden LSSI-CE) werden die Informationen sowohl den Empf\u00e4ngern des Dienstes als auch&hellip; Datenschutzrichtlinie weiterlesen","og_url":"https:\/\/valencialcor.com\/de\/datenschutzrichtlinie\/","og_site_name":"Valencia al cor","article_modified_time":"2024-01-04T09:08:48+00:00","twitter_card":"summary_large_image","twitter_misc":{"Gesch\u00e4tzte Lesezeit":"7\u00a0Minuten"},"schema":{"@context":"https:\/\/schema.org","@graph":[{"@type":"WebPage","@id":"https:\/\/valencialcor.com\/de\/datenschutzrichtlinie\/","url":"https:\/\/valencialcor.com\/de\/datenschutzrichtlinie\/","name":"Datenschutzrichtlinie - Valencia al cor","isPartOf":{"@id":"https:\/\/valencialcor.com\/#website"},"datePublished":"2023-12-19T12:16:05+00:00","dateModified":"2024-01-04T09:08:48+00:00","breadcrumb":{"@id":"https:\/\/valencialcor.com\/de\/datenschutzrichtlinie\/#breadcrumb"},"inLanguage":"de","potentialAction":[{"@type":"ReadAction","target":["https:\/\/valencialcor.com\/de\/datenschutzrichtlinie\/"]}]},{"@type":"BreadcrumbList","@id":"https:\/\/valencialcor.com\/de\/datenschutzrichtlinie\/#breadcrumb","itemListElement":[{"@type":"ListItem","position":1,"name":"Portada","item":"https:\/\/valencialcor.com\/wer-bin-ich\/"},{"@type":"ListItem","position":2,"name":"Datenschutzrichtlinie"}]},{"@type":"WebSite","@id":"https:\/\/valencialcor.com\/#website","url":"https:\/\/valencialcor.com\/","name":"Valencia al cor","description":"","publisher":{"@id":"https:\/\/valencialcor.com\/#organization"},"potentialAction":[{"@type":"SearchAction","target":{"@type":"EntryPoint","urlTemplate":"https:\/\/valencialcor.com\/?s={search_term_string}"},"query-input":{"@type":"PropertyValueSpecification","valueRequired":true,"valueName":"search_term_string"}}],"inLanguage":"de"},{"@type":"Organization","@id":"https:\/\/valencialcor.com\/#organization","name":"Valencia al cor","url":"https:\/\/valencialcor.com\/","logo":{"@type":"ImageObject","inLanguage":"de","@id":"https:\/\/valencialcor.com\/#\/schema\/logo\/image\/","url":"https:\/\/valencialcor.com\/wp-content\/uploads\/2023\/12\/logoVC-2.png","contentUrl":"https:\/\/valencialcor.com\/wp-content\/uploads\/2023\/12\/logoVC-2.png","width":247,"height":234,"caption":"Valencia al cor"},"image":{"@id":"https:\/\/valencialcor.com\/#\/schema\/logo\/image\/"}}]}},"_links":{"self":[{"href":"https:\/\/valencialcor.com\/de\/wp-json\/wp\/v2\/pages\/1581","targetHints":{"allow":["GET"]}}],"collection":[{"href":"https:\/\/valencialcor.com\/de\/wp-json\/wp\/v2\/pages"}],"about":[{"href":"https:\/\/valencialcor.com\/de\/wp-json\/wp\/v2\/types\/page"}],"author":[{"embeddable":true,"href":"https:\/\/valencialcor.com\/de\/wp-json\/wp\/v2\/users\/1"}],"replies":[{"embeddable":true,"href":"https:\/\/valencialcor.com\/de\/wp-json\/wp\/v2\/comments?post=1581"}],"version-history":[{"count":3,"href":"https:\/\/valencialcor.com\/de\/wp-json\/wp\/v2\/pages\/1581\/revisions"}],"predecessor-version":[{"id":1584,"href":"https:\/\/valencialcor.com\/de\/wp-json\/wp\/v2\/pages\/1581\/revisions\/1584"}],"wp:attachment":[{"href":"https:\/\/valencialcor.com\/de\/wp-json\/wp\/v2\/media?parent=1581"}],"curies":[{"name":"wp","href":"https:\/\/api.w.org\/{rel}","templated":true}]}}