{"id":1569,"date":"2023-12-19T12:14:05","date_gmt":"2023-12-19T12:14:05","guid":{"rendered":"https:\/\/valencialcor.com\/rechtliche-warnung\/"},"modified":"2024-01-04T08:33:37","modified_gmt":"2024-01-04T08:33:37","slug":"rechtliche-warnung","status":"publish","type":"page","link":"https:\/\/valencialcor.com\/de\/rechtliche-warnung\/","title":{"rendered":"Rechtliche Warnung"},"content":{"rendered":"\t\t<div data-elementor-type=\"wp-page\" data-elementor-id=\"1569\" class=\"elementor elementor-1569 elementor-240\" data-elementor-post-type=\"page\">\n\t\t\t\t<div class=\"elementor-element elementor-element-675c926d e-flex e-con-boxed e-con e-parent\" data-id=\"675c926d\" data-element_type=\"container\" data-e-type=\"container\">\n\t\t\t\t\t<div class=\"e-con-inner\">\n\t\t\t\t<div class=\"elementor-element elementor-element-4192658 elementor-widget elementor-widget-heading\" data-id=\"4192658\" data-element_type=\"widget\" data-e-type=\"widget\" data-widget_type=\"heading.default\">\n\t\t\t\t<div class=\"elementor-widget-container\">\n\t\t\t\t\t<h2 class=\"elementor-heading-title elementor-size-default\">Rechtliche Warnung<\/h2>\t\t\t\t<\/div>\n\t\t\t\t<\/div>\n\t\t\t\t<div class=\"elementor-element elementor-element-2c0fa940 elementor-widget elementor-widget-text-editor\" data-id=\"2c0fa940\" data-element_type=\"widget\" data-e-type=\"widget\" data-widget_type=\"text-editor.default\">\n\t\t\t\t<div class=\"elementor-widget-container\">\n\t\t\t\t\t\t\t\t\t\n<p><strong>1. Identifikationsdaten<\/strong><\/p>\n\n<p>In \u00dcbereinstimmung mit Artikel 10 des Gesetzes 34\/2002 vom 11. Juli \u00fcber Dienste der Informationsgesellschaft und elektronischen Handel pr\u00e4sentieren wir nachfolgend die identifizierenden Daten unseres Unternehmens:<\/p>\n\n<p>Valencia al cor \/ Eva Mar\u00eda Mart\u00ednez Sabater <\/p>\n\n<p>Eingetragener Sitz: C\/ San Francisco de Paula, 4-2 Valencia 46024<\/p>\n\n<p>NIF\/CIF: 20149112P<\/p>\n\n<p>Telefon: 670-826659<\/p>\n\n<p>EMAIL: evamyo@yahoo.de<\/p>\n\n<p><strong>2. Benutzer<\/strong><\/p>\n\n<p>Der Zugriff auf und\/oder die Nutzung dieses Portals stellt die Bedingung dar, dass der BENUTZER mit diesem Zugriff und\/oder der Nutzung die hier aufgef\u00fchrten Allgemeinen Nutzungsbedingungen akzeptiert. Die vorstehenden Bedingungen gelten unabh\u00e4ngig von den gegebenenfalls zwingenden Allgemeinen Vertragsbedingungen.<\/p>\n\n<p><strong>3. Nutzung des Portals<\/strong><\/p>\n\n<p>Valencia al cor bietet Zugriff auf eine Vielzahl von Produkten, Informationen, Dienstleistungen, Programmen oder Daten (im Folgenden \u201edie Inhalte\u201c) im Internet, die Valencia al cor oder Dritten geh\u00f6ren, auf die der BENUTZER Zugriff haben kann. Der NUTZER \u00fcbernimmt die Verantwortung f\u00fcr die Nutzung des Portals. Diese Verantwortung erstreckt sich auch auf die Registrierung, die f\u00fcr den Zugriff auf bestimmte Dienste oder Inhalte erforderlich ist. Bei dieser Registrierung ist der NUTZER daf\u00fcr verantwortlich, wahrheitsgem\u00e4\u00dfe und rechtm\u00e4\u00dfige Angaben zu machen.<\/p>\n\n<p>Der NUTZER verpflichtet sich, die Inhalte und Dienste, die Valencia al cor \u00fcber sein Portal anbietet, angemessen zu nutzen und sie beispielsweise, aber nicht beschr\u00e4nkt auf, nicht zu folgenden Zwecken zu verwenden:<\/p>\n\n<ul>\n<li>Beteiligen Sie sich an illegalen, rechtswidrigen Aktivit\u00e4ten oder Aktivit\u00e4ten, die gegen Treu und Glauben und die \u00f6ffentliche Ordnung versto\u00dfen.<\/li>\n\n<li>Inhalte oder Propaganda verbreiten, die rassistischer, fremdenfeindlicher oder pornografischer Natur sind, Terrorismus bef\u00fcrworten oder Menschenrechte verletzen.<\/li>\n\n<li>Geistiges und gewerbliches Eigentum<\/li>\n\n<li>Alle Unterscheidungszeichen, Marken, Handelsnamen, Inhalte, Struktur, Design und Pr\u00e4sentationsform der Elemente und alle anderen Informationen, die auf dieser Website erscheinen, sind Eigentum von Valencia al cor selbst oder als Rechtsnachfolger und durch die Rechte von gesch\u00fctzt gewerbliches und geistiges Eigentum.<\/li>\n\n<li>Dem Nutzer ist es untersagt, die im vorherigen Abschnitt genannten Elemente ohne ausdr\u00fcckliche Genehmigung von Valencia al cor zu vervielf\u00e4ltigen, umzuwandeln, zu verbreiten, \u00f6ffentlich zu kommunizieren und im Allgemeinen jede andere Form der Nutzung zu verwenden.<\/li>\n\n<li>Der Nutzer wird davon Abstand nehmen, Mittel zu verwenden, die eventuell installierte Schutzvorrichtungen oder Sicherheitssysteme l\u00f6schen, ver\u00e4ndern, umgehen oder manipulieren k\u00f6nnten und die ein Risiko oder eine Besch\u00e4digung oder Deaktivierung der Website und\/oder ihrer Inhalte mit sich bringen.<\/li>\n\n<li>Valencia al cor ist nicht verantwortlich f\u00fcr die m\u00f6gliche unangemessene Nutzung dieser Website durch Dritte oder f\u00fcr die Informationen, die sie \u00fcber diese Website an Dritte \u00fcbermitteln. Die Nutzung der Inhalte durch den Nutzer und die daraus resultierenden m\u00f6glichen Folgen, Sch\u00e4den oder Verluste liegen ausschlie\u00dflich in der Verantwortung des Nutzers. Valencia al cor haftet nicht f\u00fcr Sch\u00e4den jeglicher Art, die Benutzern durch die Verwendung von Links, Verzeichnissen und Suchtools entstehen, die Benutzern den Zugriff auf Websites erm\u00f6glichen, die Dritten geh\u00f6ren und\/oder von diesen verwaltet werden, sowie f\u00fcr das Vorhandensein von Viren oder anderen b\u00f6sartigen Codes in den Inhalten, die Sch\u00e4den jeglicher Art am Computersystem, an elektronischen Dokumenten oder Dateien des Benutzers verursachen k\u00f6nnen. Valencia al cor beh\u00e4lt sich das Recht vor, alle ihr angemessen erscheinenden rechtlichen Schritte einzuleiten, die sich aus einer rechtswidrigen Nutzung der Inhalte ihrer Website durch Dritte ergeben.<\/li>\n\n<li>Ausschluss von Garantien und Haftung<\/li>\n<\/ul>\n\n<p>Valencia al cor haftet in keinem Fall f\u00fcr Sch\u00e4den jeglicher Art, die beispielsweise durch Fehler oder Auslassungen im Inhalt, mangelnde Verf\u00fcgbarkeit des Portals oder die \u00dcbertragung von Viren oder b\u00f6sartigen oder sch\u00e4dlichen Programmen verursacht werden k\u00f6nnen. im Inhalt, obwohl alle notwendigen technischen Ma\u00dfnahmen ergriffen wurden, um dies zu verhindern.<\/p>\n\n<p><strong>4. \u00c4nderungen<\/strong><\/p>\n\n<p>Valencia al cor beh\u00e4lt sich das Recht vor, ohne vorherige Ank\u00fcndigung alle \u00c4nderungen an seinem Portal vorzunehmen, die es f\u00fcr angemessen h\u00e4lt, und kann sowohl die \u00fcber das Portal bereitgestellten Inhalte und Dienste als auch die Art und Weise, wie sie auf Ihrem Portal pr\u00e4sentiert oder platziert werden, \u00e4ndern, l\u00f6schen oder hinzuf\u00fcgen .<\/p>\n\n<p><strong>5. Links<\/strong><\/p>\n\n<p>F\u00fcr den Fall, dass der Domainname Links oder Hyperlinks zu anderen Internetseiten enth\u00e4lt, \u00fcbt Valencia al cor keinerlei Kontrolle \u00fcber diese Websites und Inhalte aus. Unter keinen Umst\u00e4nden \u00fcbernimmt Valencia al cor die Verantwortung f\u00fcr den Inhalt eines Links, der zu einer Website Dritter geh\u00f6rt, und garantiert auch nicht die technische Verf\u00fcgbarkeit, Qualit\u00e4t, Zuverl\u00e4ssigkeit, Genauigkeit, Breite, Wahrhaftigkeit, G\u00fcltigkeit und Verfassungsm\u00e4\u00dfigkeit der enthaltenen Materialien oder Informationen in solchen Hyperlinks oder anderen Internetseiten enthalten. Ebenso bedeutet die Einbeziehung dieser externen Verbindungen keinerlei Verbindung, Fusion oder Beteiligung mit den verbundenen Unternehmen.<\/p>\n\n<p>Valencia al cor beh\u00e4lt sich das Recht vor, Nutzern, die gegen die Allgemeinen Nutzungsbedingungen versto\u00dfen, den Zugang zum Portal und\/oder den angebotenen Diensten ohne vorherige Ank\u00fcndigung auf eigenen Wunsch oder den eines Dritten zu verweigern oder zu entziehen.<\/p>\n\n<p><strong>6. Ausschlussrecht<\/strong><\/p>\n\n<p>Valencia al cor beh\u00e4lt sich das Recht vor, Nutzern, die gegen die Allgemeinen Nutzungsbedingungen versto\u00dfen, den Zugang zum Portal und\/oder den angebotenen Diensten ohne vorherige Ank\u00fcndigung auf eigenen Wunsch oder den eines Dritten zu verweigern oder zu entziehen.<\/p>\n\n<p><strong>7. Allgemeines<\/strong><\/p>\n\n<p>Valencia al cor wird die Nichteinhaltung der Bedingungen sowie jede missbr\u00e4uchliche Nutzung seines Portals mit allen zivil- und strafrechtlichen Ma\u00dfnahmen verfolgen, die gesetzlich zul\u00e4ssig sind.<\/p>\n\n<p>Valencia al cor kann die hier festgelegten Bedingungen jederzeit \u00e4ndern und wird ordnungsgem\u00e4\u00df in der hier erscheinenden Form ver\u00f6ffentlicht.<\/p>\n\n<p><strong>8. Anwendbares Recht und Gerichtsstand<\/strong><\/p>\n\n<p>Die Beziehung zwischen Valencia al cor und dem NUTZER unterliegt den geltenden spanischen Vorschriften und alle Streitigkeiten werden den spanischen Gerichten vorgelegt.<\/p>\n\n<p>Online-Streitbeilegung in Verbraucherangelegenheiten gem\u00e4\u00df Art. 14 Abs. 1 der Verordnung (EU) 524\/2013: Die Europ\u00e4ische Kommission stellt eine Plattform zur Online-Streitbeilegung bereit, die unter folgendem Link verf\u00fcgbar ist: <a href=\"http:\/\/ec.europa.eu\/consumers\/odr\/\">http:\/\/ec.europa.eu\/consumers\/odr\/<\/a>.<\/p>\n\t\t\t\t\t\t\t\t<\/div>\n\t\t\t\t<\/div>\n\t\t\t\t\t<\/div>\n\t\t\t\t<\/div>\n\t\t\t\t<\/div>\n\t\t","protected":false},"excerpt":{"rendered":"<p>Rechtliche Warnung 1. Identifikationsdaten In \u00dcbereinstimmung mit Artikel 10 des Gesetzes 34\/2002 vom 11. Juli \u00fcber Dienste der Informationsgesellschaft und elektronischen Handel pr\u00e4sentieren wir nachfolgend die identifizierenden Daten unseres Unternehmens: Valencia al cor \/ Eva Mar\u00eda Mart\u00ednez Sabater Eingetragener Sitz: C\/ San Francisco de Paula, 4-2 Valencia 46024 NIF\/CIF: 20149112P Telefon: 670-826659 EMAIL: evamyo@yahoo.de 2.&hellip; <a class=\"more-link\" href=\"https:\/\/valencialcor.com\/de\/rechtliche-warnung\/\"><span class=\"screen-reader-text\">Rechtliche Warnung<\/span> weiterlesen<\/a><\/p>\n","protected":false},"author":1,"featured_media":0,"parent":0,"menu_order":0,"comment_status":"closed","ping_status":"closed","template":"elementor_header_footer","meta":{"footnotes":""},"class_list":["post-1569","page","type-page","status-publish","hentry","entry"],"yoast_head":"<!-- This site is optimized with the Yoast SEO plugin v27.4 - https:\/\/yoast.com\/product\/yoast-seo-wordpress\/ -->\n<title>Rechtliche Warnung - Valencia al cor<\/title>\n<meta name=\"robots\" content=\"index, follow, max-snippet:-1, max-image-preview:large, max-video-preview:-1\" \/>\n<link rel=\"canonical\" href=\"https:\/\/valencialcor.com\/de\/rechtliche-warnung\/\" \/>\n<meta property=\"og:locale\" content=\"de_DE\" \/>\n<meta property=\"og:type\" content=\"article\" \/>\n<meta property=\"og:title\" content=\"Rechtliche Warnung - Valencia al cor\" \/>\n<meta property=\"og:description\" content=\"Rechtliche Warnung 1. Identifikationsdaten In \u00dcbereinstimmung mit Artikel 10 des Gesetzes 34\/2002 vom 11. Juli \u00fcber Dienste der Informationsgesellschaft und elektronischen Handel pr\u00e4sentieren wir nachfolgend die identifizierenden Daten unseres Unternehmens: Valencia al cor \/ Eva Mar\u00eda Mart\u00ednez Sabater Eingetragener Sitz: C\/ San Francisco de Paula, 4-2 Valencia 46024 NIF\/CIF: 20149112P Telefon: 670-826659 EMAIL: evamyo@yahoo.de 2.&hellip; Rechtliche Warnung weiterlesen\" \/>\n<meta property=\"og:url\" content=\"https:\/\/valencialcor.com\/de\/rechtliche-warnung\/\" \/>\n<meta property=\"og:site_name\" content=\"Valencia al cor\" \/>\n<meta property=\"article:modified_time\" content=\"2024-01-04T08:33:37+00:00\" \/>\n<meta name=\"twitter:card\" content=\"summary_large_image\" \/>\n<meta name=\"twitter:label1\" content=\"Gesch\u00e4tzte Lesezeit\" \/>\n\t<meta name=\"twitter:data1\" content=\"5\u00a0Minuten\" \/>\n<script type=\"application\/ld+json\" class=\"yoast-schema-graph\">{\"@context\":\"https:\\\/\\\/schema.org\",\"@graph\":[{\"@type\":\"WebPage\",\"@id\":\"https:\\\/\\\/valencialcor.com\\\/de\\\/rechtliche-warnung\\\/\",\"url\":\"https:\\\/\\\/valencialcor.com\\\/de\\\/rechtliche-warnung\\\/\",\"name\":\"Rechtliche Warnung - Valencia al cor\",\"isPartOf\":{\"@id\":\"https:\\\/\\\/valencialcor.com\\\/#website\"},\"datePublished\":\"2023-12-19T12:14:05+00:00\",\"dateModified\":\"2024-01-04T08:33:37+00:00\",\"breadcrumb\":{\"@id\":\"https:\\\/\\\/valencialcor.com\\\/de\\\/rechtliche-warnung\\\/#breadcrumb\"},\"inLanguage\":\"de\",\"potentialAction\":[{\"@type\":\"ReadAction\",\"target\":[\"https:\\\/\\\/valencialcor.com\\\/de\\\/rechtliche-warnung\\\/\"]}]},{\"@type\":\"BreadcrumbList\",\"@id\":\"https:\\\/\\\/valencialcor.com\\\/de\\\/rechtliche-warnung\\\/#breadcrumb\",\"itemListElement\":[{\"@type\":\"ListItem\",\"position\":1,\"name\":\"Portada\",\"item\":\"https:\\\/\\\/valencialcor.com\\\/wer-bin-ich\\\/\"},{\"@type\":\"ListItem\",\"position\":2,\"name\":\"Rechtliche Warnung\"}]},{\"@type\":\"WebSite\",\"@id\":\"https:\\\/\\\/valencialcor.com\\\/#website\",\"url\":\"https:\\\/\\\/valencialcor.com\\\/\",\"name\":\"Valencia al cor\",\"description\":\"\",\"publisher\":{\"@id\":\"https:\\\/\\\/valencialcor.com\\\/#organization\"},\"potentialAction\":[{\"@type\":\"SearchAction\",\"target\":{\"@type\":\"EntryPoint\",\"urlTemplate\":\"https:\\\/\\\/valencialcor.com\\\/?s={search_term_string}\"},\"query-input\":{\"@type\":\"PropertyValueSpecification\",\"valueRequired\":true,\"valueName\":\"search_term_string\"}}],\"inLanguage\":\"de\"},{\"@type\":\"Organization\",\"@id\":\"https:\\\/\\\/valencialcor.com\\\/#organization\",\"name\":\"Valencia al cor\",\"url\":\"https:\\\/\\\/valencialcor.com\\\/\",\"logo\":{\"@type\":\"ImageObject\",\"inLanguage\":\"de\",\"@id\":\"https:\\\/\\\/valencialcor.com\\\/#\\\/schema\\\/logo\\\/image\\\/\",\"url\":\"https:\\\/\\\/valencialcor.com\\\/wp-content\\\/uploads\\\/2023\\\/12\\\/logoVC-2.png\",\"contentUrl\":\"https:\\\/\\\/valencialcor.com\\\/wp-content\\\/uploads\\\/2023\\\/12\\\/logoVC-2.png\",\"width\":247,\"height\":234,\"caption\":\"Valencia al cor\"},\"image\":{\"@id\":\"https:\\\/\\\/valencialcor.com\\\/#\\\/schema\\\/logo\\\/image\\\/\"}}]}<\/script>\n<!-- \/ Yoast SEO plugin. -->","yoast_head_json":{"title":"Rechtliche Warnung - Valencia al cor","robots":{"index":"index","follow":"follow","max-snippet":"max-snippet:-1","max-image-preview":"max-image-preview:large","max-video-preview":"max-video-preview:-1"},"canonical":"https:\/\/valencialcor.com\/de\/rechtliche-warnung\/","og_locale":"de_DE","og_type":"article","og_title":"Rechtliche Warnung - Valencia al cor","og_description":"Rechtliche Warnung 1. Identifikationsdaten In \u00dcbereinstimmung mit Artikel 10 des Gesetzes 34\/2002 vom 11. Juli \u00fcber Dienste der Informationsgesellschaft und elektronischen Handel pr\u00e4sentieren wir nachfolgend die identifizierenden Daten unseres Unternehmens: Valencia al cor \/ Eva Mar\u00eda Mart\u00ednez Sabater Eingetragener Sitz: C\/ San Francisco de Paula, 4-2 Valencia 46024 NIF\/CIF: 20149112P Telefon: 670-826659 EMAIL: evamyo@yahoo.de 2.&hellip; Rechtliche Warnung weiterlesen","og_url":"https:\/\/valencialcor.com\/de\/rechtliche-warnung\/","og_site_name":"Valencia al cor","article_modified_time":"2024-01-04T08:33:37+00:00","twitter_card":"summary_large_image","twitter_misc":{"Gesch\u00e4tzte Lesezeit":"5\u00a0Minuten"},"schema":{"@context":"https:\/\/schema.org","@graph":[{"@type":"WebPage","@id":"https:\/\/valencialcor.com\/de\/rechtliche-warnung\/","url":"https:\/\/valencialcor.com\/de\/rechtliche-warnung\/","name":"Rechtliche Warnung - Valencia al cor","isPartOf":{"@id":"https:\/\/valencialcor.com\/#website"},"datePublished":"2023-12-19T12:14:05+00:00","dateModified":"2024-01-04T08:33:37+00:00","breadcrumb":{"@id":"https:\/\/valencialcor.com\/de\/rechtliche-warnung\/#breadcrumb"},"inLanguage":"de","potentialAction":[{"@type":"ReadAction","target":["https:\/\/valencialcor.com\/de\/rechtliche-warnung\/"]}]},{"@type":"BreadcrumbList","@id":"https:\/\/valencialcor.com\/de\/rechtliche-warnung\/#breadcrumb","itemListElement":[{"@type":"ListItem","position":1,"name":"Portada","item":"https:\/\/valencialcor.com\/wer-bin-ich\/"},{"@type":"ListItem","position":2,"name":"Rechtliche Warnung"}]},{"@type":"WebSite","@id":"https:\/\/valencialcor.com\/#website","url":"https:\/\/valencialcor.com\/","name":"Valencia al cor","description":"","publisher":{"@id":"https:\/\/valencialcor.com\/#organization"},"potentialAction":[{"@type":"SearchAction","target":{"@type":"EntryPoint","urlTemplate":"https:\/\/valencialcor.com\/?s={search_term_string}"},"query-input":{"@type":"PropertyValueSpecification","valueRequired":true,"valueName":"search_term_string"}}],"inLanguage":"de"},{"@type":"Organization","@id":"https:\/\/valencialcor.com\/#organization","name":"Valencia al cor","url":"https:\/\/valencialcor.com\/","logo":{"@type":"ImageObject","inLanguage":"de","@id":"https:\/\/valencialcor.com\/#\/schema\/logo\/image\/","url":"https:\/\/valencialcor.com\/wp-content\/uploads\/2023\/12\/logoVC-2.png","contentUrl":"https:\/\/valencialcor.com\/wp-content\/uploads\/2023\/12\/logoVC-2.png","width":247,"height":234,"caption":"Valencia al cor"},"image":{"@id":"https:\/\/valencialcor.com\/#\/schema\/logo\/image\/"}}]}},"_links":{"self":[{"href":"https:\/\/valencialcor.com\/de\/wp-json\/wp\/v2\/pages\/1569","targetHints":{"allow":["GET"]}}],"collection":[{"href":"https:\/\/valencialcor.com\/de\/wp-json\/wp\/v2\/pages"}],"about":[{"href":"https:\/\/valencialcor.com\/de\/wp-json\/wp\/v2\/types\/page"}],"author":[{"embeddable":true,"href":"https:\/\/valencialcor.com\/de\/wp-json\/wp\/v2\/users\/1"}],"replies":[{"embeddable":true,"href":"https:\/\/valencialcor.com\/de\/wp-json\/wp\/v2\/comments?post=1569"}],"version-history":[{"count":3,"href":"https:\/\/valencialcor.com\/de\/wp-json\/wp\/v2\/pages\/1569\/revisions"}],"predecessor-version":[{"id":1572,"href":"https:\/\/valencialcor.com\/de\/wp-json\/wp\/v2\/pages\/1569\/revisions\/1572"}],"wp:attachment":[{"href":"https:\/\/valencialcor.com\/de\/wp-json\/wp\/v2\/media?parent=1569"}],"curies":[{"name":"wp","href":"https:\/\/api.w.org\/{rel}","templated":true}]}}